{"id":11533,"date":"2021-01-13T13:27:20","date_gmt":"2021-01-13T11:27:20","guid":{"rendered":"https:\/\/tapete.md\/product\/390010-40-r-crema-curatatoare-pentru-maini-si-suprafete"},"modified":"2025-06-06T22:07:56","modified_gmt":"2025-06-06T19:07:56","slug":"390010-40-r-crema-curatatoare-pentru-maini-si-suprafete","status":"publish","type":"product","link":"https:\/\/tapete.md\/ru\/product-2\/390010-40-r-crema-curatatoare-pentru-maini-si-suprafete\/","title":{"rendered":"390010 40-R \u041a\u0440\u0435\u043c-\u043e\u0447\u0438\u0441\u0442\u0438\u0442\u0435\u043b\u044c \u0434\u043b\u044f \u0440\u0443\u043a \u0438 \u043f\u043e\u0432\u0435\u0440\u0445\u043d\u043e\u0441\u0442\u0435\u0439"},"content":{"rendered":"<p>Cur\u0103\u021b\u0103 cu u\u0219urin\u021b\u0103 m\u00e2inile murdare de vopsele, lacuri, clei, tencuial\u0103, gr\u0103simi, uleiuri, asfalt etc. Neutralizeaz\u0103 mirosurile nepl\u0103cute, hidrateaz\u0103 pielea, \u0219i o protejeaz\u0103 \u00eempotriva influen\u0163elor atmosferice nefavorabile.<\/p>","protected":false},"excerpt":{"rendered":"<p>Cur\u0103\u021b\u0103 cu u\u0219urin\u021b\u0103 m\u00e2inile murdare de vopsele, lacuri, clei, tencuial\u0103, gr\u0103simi, uleiuri, asfalt etc. Neutralizeaz\u0103 mirosurile nepl\u0103cute, hidrateaz\u0103 pielea, \u0219i o protejeaz\u0103 \u00eempotriva influen\u0163elor atmosferice nefavorabile.<\/p>","protected":false},"featured_media":11532,"comment_status":"open","ping_status":"closed","template":"","meta":{"inline_featured_image":false},"product_brand":[],"product_cat":[881],"product_tag":[],"class_list":{"0":"post-11533","1":"product","2":"type-product","3":"status-publish","4":"has-post-thumbnail","6":"product_cat-glutoclean","7":"brands-pufas","8":"types-produse-auxiliare","10":"first","11":"instock","12":"sale","13":"taxable","14":"shipping-taxable","15":"purchasable","16":"product-type-simple"},"jetpack_sharing_enabled":true,"_links":{"self":[{"href":"https:\/\/tapete.md\/ru\/wp-json\/wp\/v2\/product\/11533","targetHints":{"allow":["GET"]}}],"collection":[{"href":"https:\/\/tapete.md\/ru\/wp-json\/wp\/v2\/product"}],"about":[{"href":"https:\/\/tapete.md\/ru\/wp-json\/wp\/v2\/types\/product"}],"replies":[{"embeddable":true,"href":"https:\/\/tapete.md\/ru\/wp-json\/wp\/v2\/comments?post=11533"}],"wp:featuredmedia":[{"embeddable":true,"href":"https:\/\/tapete.md\/ru\/wp-json\/wp\/v2\/media\/11532"}],"wp:attachment":[{"href":"https:\/\/tapete.md\/ru\/wp-json\/wp\/v2\/media?parent=11533"}],"wp:term":[{"taxonomy":"product_brand","embeddable":true,"href":"https:\/\/tapete.md\/ru\/wp-json\/wp\/v2\/product_brand?post=11533"},{"taxonomy":"product_cat","embeddable":true,"href":"https:\/\/tapete.md\/ru\/wp-json\/wp\/v2\/product_cat?post=11533"},{"taxonomy":"product_tag","embeddable":true,"href":"https:\/\/tapete.md\/ru\/wp-json\/wp\/v2\/product_tag?post=11533"}],"curies":[{"name":"wp","href":"https:\/\/api.w.org\/{rel}","templated":true}]}}