{"id":11541,"date":"2021-01-13T13:27:23","date_gmt":"2021-01-13T11:27:23","guid":{"rendered":"https:\/\/tapete.md\/product\/390351-r-solutie-pentru-curatarea-si-intretinerea-placilor-din-piatra-naturala"},"modified":"2023-09-21T17:32:54","modified_gmt":"2023-09-21T14:32:54","slug":"390351-r-solutie-pentru-curatarea-si-intretinerea-placilor-din-piatra-naturala","status":"publish","type":"product","link":"https:\/\/tapete.md\/ru\/product-2\/390351-r-solutie-pentru-curatarea-si-intretinerea-placilor-din-piatra-naturala\/","title":{"rendered":"390351-R \u0421\u0440\u0435\u0434\u0441\u0442\u0432\u043e \u0434\u043b\u044f \u043e\u0447\u0438\u0441\u0442\u043a\u0438 \u0438 \u0443\u0445\u043e\u0434\u0430 \u0437\u0430 \u043f\u043b\u0438\u0442\u043a\u043e\u0439 \u0438\u0437 \u043d\u0430\u0442\u0443\u0440\u0430\u043b\u044c\u043d\u043e\u0433\u043e \u043a\u0430\u043c\u043d\u044f"},"content":{"rendered":"<p>Pentru dizolvarea \u0219i \u00eendep\u0103rtarea eficient\u0103 a depunerilor de murd\u0103rie, ulei \u0219i gr\u0103simi, precum \u0219i a urmelor de \u00eenc\u0103l\u021b\u0103minte cu talpa din cauciuc. Compozi\u021bia special selectat\u0103 garanteaz\u0103 \u00eentre\u021binerea pl\u0103cilor \u0219i optimizeaz\u0103 culoarea materialului, \u0219i reduce riscul depunerilor ulterioare de murd\u0103riePentru utilizarea \u00een interiorul \u015fi \u00een afara \u00eenc\u0103perii, pe pere\u021bii \u0219i podelele acoperite cu pl\u0103ci din piatr\u0103 natural\u0103 polizat\u0103, \u0219lefuit\u0103, neglazurat\u0103, de o str\u0103lucire puternic\u0103 \u0219i mat\u0103. Potrivit\u0103, de asemenea, pentru pl\u0103cile glazurate<\/p>","protected":false},"excerpt":{"rendered":"<p>Pentru dizolvarea \u0219i \u00eendep\u0103rtarea eficient\u0103 a depunerilor de murd\u0103rie, ulei \u0219i gr\u0103simi, precum \u0219i a urmelor de \u00eenc\u0103l\u021b\u0103minte cu talpa din cauciuc. Compozi\u021bia special selectat\u0103 garanteaz\u0103 \u00eentre\u021binerea pl\u0103cilor \u0219i optimizeaz\u0103 culoarea materialului, \u0219i reduce riscul depunerilor ulterioare de murd\u0103riePentru utilizarea \u00een interiorul \u015fi \u00een afara \u00eenc\u0103perii, pe pere\u021bii \u0219i podelele acoperite cu pl\u0103ci din piatr\u0103 [&hellip;]<\/p>","protected":false},"featured_media":11540,"comment_status":"open","ping_status":"closed","template":"","meta":{"inline_featured_image":false},"product_brand":[],"product_cat":[881],"product_tag":[],"class_list":{"0":"post-11541","1":"product","2":"type-product","3":"status-publish","4":"has-post-thumbnail","6":"product_cat-glutoclean","7":"brands-pufas","8":"types-produse-auxiliare","10":"first","11":"instock","12":"taxable","13":"shipping-taxable","14":"purchasable","15":"product-type-simple"},"jetpack_sharing_enabled":true,"_links":{"self":[{"href":"https:\/\/tapete.md\/ru\/wp-json\/wp\/v2\/product\/11541","targetHints":{"allow":["GET"]}}],"collection":[{"href":"https:\/\/tapete.md\/ru\/wp-json\/wp\/v2\/product"}],"about":[{"href":"https:\/\/tapete.md\/ru\/wp-json\/wp\/v2\/types\/product"}],"replies":[{"embeddable":true,"href":"https:\/\/tapete.md\/ru\/wp-json\/wp\/v2\/comments?post=11541"}],"wp:featuredmedia":[{"embeddable":true,"href":"https:\/\/tapete.md\/ru\/wp-json\/wp\/v2\/media\/11540"}],"wp:attachment":[{"href":"https:\/\/tapete.md\/ru\/wp-json\/wp\/v2\/media?parent=11541"}],"wp:term":[{"taxonomy":"product_brand","embeddable":true,"href":"https:\/\/tapete.md\/ru\/wp-json\/wp\/v2\/product_brand?post=11541"},{"taxonomy":"product_cat","embeddable":true,"href":"https:\/\/tapete.md\/ru\/wp-json\/wp\/v2\/product_cat?post=11541"},{"taxonomy":"product_tag","embeddable":true,"href":"https:\/\/tapete.md\/ru\/wp-json\/wp\/v2\/product_tag?post=11541"}],"curies":[{"name":"wp","href":"https:\/\/api.w.org\/{rel}","templated":true}]}}