{"id":11549,"date":"2021-01-13T13:27:26","date_gmt":"2021-01-13T11:27:26","guid":{"rendered":"https:\/\/tapete.md\/product\/390356-r-solutie-de-intretinere-si-curatare-a-suprafetelor-din-marmura-si-granit"},"modified":"2025-04-15T08:49:34","modified_gmt":"2025-04-15T05:49:34","slug":"390356-r-solutie-de-intretinere-si-curatare-a-suprafetelor-din-marmura-si-granit","status":"publish","type":"product","link":"https:\/\/tapete.md\/ru\/product-2\/390356-r-solutie-de-intretinere-si-curatare-a-suprafetelor-din-marmura-si-granit\/","title":{"rendered":"390356-R Solu\u021bie de \u00eentre\u021binere \u0219i cur\u0103\u021bare a suprafe\u021belor din marmur\u0103 \u0219i granit"},"content":{"rendered":"<p>Pentru cur\u0103\u021barea temeinic\u0103 \u0219i \u00eentre\u021binerea oric\u0103ror tipuri de suprafe\u021be din marmur\u0103 \u0219i granit. Pentru \u00eendep\u0103rtarea eficient\u0103 a petelor de gr\u0103simi \u0219i ulei, precum \u0219i a urmelor de utilizare. Compozi\u021bia special selectat\u0103 a solu\u021biei, \u00eentre\u021bine \u0219i protejeaz\u0103 materialele prelucrate \u00eempotriva usc\u0103rii, p\u0103str\u00e2nd frumuse\u021bea pietrelor naturale pe termen lung. Suprafa\u021ba nu devine\u00a0alunecoas\u0103.Pentru toate suprafe\u021bele din marmur\u0103 \u0219i granit din interiorul \u0219i din afara \u00eenc\u0103perilor. Pentru\u00a0pardoseli, pere\u021bi, pervazuri, mese \u0219i suprafe\u021bele de lucru din buc\u0103t\u0103rie.<\/p>","protected":false},"excerpt":{"rendered":"<p>Pentru cur\u0103\u021barea temeinic\u0103 \u0219i \u00eentre\u021binerea oric\u0103ror tipuri de suprafe\u021be din marmur\u0103 \u0219i granit. Pentru \u00eendep\u0103rtarea eficient\u0103 a petelor de gr\u0103simi \u0219i ulei, precum \u0219i a urmelor de utilizare. Compozi\u021bia special selectat\u0103 a solu\u021biei, \u00eentre\u021bine \u0219i protejeaz\u0103 materialele prelucrate \u00eempotriva usc\u0103rii, p\u0103str\u00e2nd frumuse\u021bea pietrelor naturale pe termen lung. Suprafa\u021ba nu devine\u00a0alunecoas\u0103.Pentru toate suprafe\u021bele din marmur\u0103 \u0219i [&hellip;]<\/p>","protected":false},"featured_media":11548,"comment_status":"open","ping_status":"closed","template":"","meta":{"inline_featured_image":false},"product_brand":[],"product_cat":[881],"product_tag":[],"class_list":{"0":"post-11549","1":"product","2":"type-product","3":"status-publish","4":"has-post-thumbnail","6":"product_cat-glutoclean","7":"brands-pufas","8":"types-produse-auxiliare","10":"first","11":"instock","12":"taxable","13":"shipping-taxable","14":"purchasable","15":"product-type-simple"},"jetpack_sharing_enabled":true,"_links":{"self":[{"href":"https:\/\/tapete.md\/ru\/wp-json\/wp\/v2\/product\/11549","targetHints":{"allow":["GET"]}}],"collection":[{"href":"https:\/\/tapete.md\/ru\/wp-json\/wp\/v2\/product"}],"about":[{"href":"https:\/\/tapete.md\/ru\/wp-json\/wp\/v2\/types\/product"}],"replies":[{"embeddable":true,"href":"https:\/\/tapete.md\/ru\/wp-json\/wp\/v2\/comments?post=11549"}],"wp:featuredmedia":[{"embeddable":true,"href":"https:\/\/tapete.md\/ru\/wp-json\/wp\/v2\/media\/11548"}],"wp:attachment":[{"href":"https:\/\/tapete.md\/ru\/wp-json\/wp\/v2\/media?parent=11549"}],"wp:term":[{"taxonomy":"product_brand","embeddable":true,"href":"https:\/\/tapete.md\/ru\/wp-json\/wp\/v2\/product_brand?post=11549"},{"taxonomy":"product_cat","embeddable":true,"href":"https:\/\/tapete.md\/ru\/wp-json\/wp\/v2\/product_cat?post=11549"},{"taxonomy":"product_tag","embeddable":true,"href":"https:\/\/tapete.md\/ru\/wp-json\/wp\/v2\/product_tag?post=11549"}],"curies":[{"name":"wp","href":"https:\/\/api.w.org\/{rel}","templated":true}]}}