{"id":11553,"date":"2021-01-13T13:27:28","date_gmt":"2021-01-13T11:27:28","guid":{"rendered":"https:\/\/tapete.md\/product\/390359-r-solutie-pentru-curatarea-si-intretinerea-parchetului"},"modified":"2023-09-21T17:33:52","modified_gmt":"2023-09-21T14:33:52","slug":"390359-r-solutie-pentru-curatarea-si-intretinerea-parchetului","status":"publish","type":"product","link":"https:\/\/tapete.md\/ru\/product-2\/390359-r-solutie-pentru-curatarea-si-intretinerea-parchetului\/","title":{"rendered":"390359-R Solu\u021bie pentru cur\u0103\u021barea \u0219i \u00eentre\u021binerea parchetului"},"content":{"rendered":"<p>Solu\u021bie concentrat\u00a0pentru cur\u0103\u021bare \u0219i \u00een acela\u0219i timp pentru \u00eentre\u021binere. Dup\u0103 prima utilizare \u00eendep\u0103rteaz\u0103 cu u\u0219urin\u021b\u0103 murd\u0103ria, urmele de utilizare, petele de gr\u0103simi \u0219i murd\u0103rii uscate \u0219i \u00een acela\u0219i timp \u00eemprosp\u0103teaz\u0103 suprafe\u021bile. Astfel, pardoselile pre\u021bioase din parchet \u0219i lemn se vor men\u021bine pe mai mult timp \u0219i vor fi protejate \u00eempotriva semnelor de uzur\u0103, ca de exemplu deteriorare, \u00eennegrire \u0219i decolorare.Pentru toate pardoselile din parchet \u0219i din lemn prelucrate cu ulei, cear\u0103 precum \u0219i pentru cele montate ermetic.<\/p>\n<p><iframe loading=\"lazy\" title=\"Glutoclean \u0421\u0440\u0435\u0434\u0441\u0442\u0432\u043e \u0434\u043b\u044f \u043e\u0447\u0438\u0441\u0442\u043a\u0438 \u0438 \u0443\u0445\u043e\u0434\u0430 \u0437\u0430 \u043f\u0430\u0440\u043a\u0435\u0442\u043e\u043c\" width=\"1240\" height=\"698\" src=\"https:\/\/www.youtube.com\/embed\/MrQDsuNWxnI?feature=oembed\" frameborder=\"0\" allow=\"accelerometer; autoplay; clipboard-write; encrypted-media; gyroscope; picture-in-picture\" allowfullscreen><\/iframe><\/p>\n<p>&nbsp;<\/p>","protected":false},"excerpt":{"rendered":"<p>Solu\u021bie concentrat\u00a0pentru cur\u0103\u021bare \u0219i \u00een acela\u0219i timp pentru \u00eentre\u021binere. Dup\u0103 prima utilizare \u00eendep\u0103rteaz\u0103 cu u\u0219urin\u021b\u0103 murd\u0103ria, urmele de utilizare, petele de gr\u0103simi \u0219i murd\u0103rii uscate \u0219i \u00een acela\u0219i timp \u00eemprosp\u0103teaz\u0103 suprafe\u021bile. Astfel, pardoselile pre\u021bioase din parchet \u0219i lemn se vor men\u021bine pe mai mult timp \u0219i vor fi protejate \u00eempotriva semnelor de uzur\u0103, ca de [&hellip;]<\/p>","protected":false},"featured_media":11552,"comment_status":"open","ping_status":"closed","template":"","meta":{"inline_featured_image":false},"product_brand":[],"product_cat":[881],"product_tag":[],"class_list":{"0":"post-11553","1":"product","2":"type-product","3":"status-publish","4":"has-post-thumbnail","6":"product_cat-glutoclean","7":"brands-pufas","8":"types-produse-auxiliare","10":"first","11":"instock","12":"taxable","13":"shipping-taxable","14":"purchasable","15":"product-type-simple"},"jetpack_sharing_enabled":true,"_links":{"self":[{"href":"https:\/\/tapete.md\/ru\/wp-json\/wp\/v2\/product\/11553","targetHints":{"allow":["GET"]}}],"collection":[{"href":"https:\/\/tapete.md\/ru\/wp-json\/wp\/v2\/product"}],"about":[{"href":"https:\/\/tapete.md\/ru\/wp-json\/wp\/v2\/types\/product"}],"replies":[{"embeddable":true,"href":"https:\/\/tapete.md\/ru\/wp-json\/wp\/v2\/comments?post=11553"}],"wp:featuredmedia":[{"embeddable":true,"href":"https:\/\/tapete.md\/ru\/wp-json\/wp\/v2\/media\/11552"}],"wp:attachment":[{"href":"https:\/\/tapete.md\/ru\/wp-json\/wp\/v2\/media?parent=11553"}],"wp:term":[{"taxonomy":"product_brand","embeddable":true,"href":"https:\/\/tapete.md\/ru\/wp-json\/wp\/v2\/product_brand?post=11553"},{"taxonomy":"product_cat","embeddable":true,"href":"https:\/\/tapete.md\/ru\/wp-json\/wp\/v2\/product_cat?post=11553"},{"taxonomy":"product_tag","embeddable":true,"href":"https:\/\/tapete.md\/ru\/wp-json\/wp\/v2\/product_tag?post=11553"}],"curies":[{"name":"wp","href":"https:\/\/api.w.org\/{rel}","templated":true}]}}