{"id":11559,"date":"2021-01-13T13:27:31","date_gmt":"2021-01-13T11:27:31","guid":{"rendered":"https:\/\/tapete.md\/product\/390363-r-solutie-pentru-curatat-rosturile"},"modified":"2024-06-18T12:03:59","modified_gmt":"2024-06-18T09:03:59","slug":"390363-r-solutie-pentru-curatat-rosturile","status":"publish","type":"product","link":"https:\/\/tapete.md\/ru\/product-2\/390363-r-solutie-pentru-curatat-rosturile\/","title":{"rendered":"390363-R Solu\u0163ie pentru cur\u0103\u0163at rosturile"},"content":{"rendered":"<p>Solu\u021bie gata de utilizare pentru \u00eendep\u0103rtarea petelor de gr\u0103simi, murd\u0103rie, reziduurilor de solu\u021bie de \u00eentre\u021binere \u0219i a depunerilor de pete mai dificile, f\u0103r\u0103 deterioarea rosturilor dintre gresie. Pentru cur\u0103\u021barea igienic\u0103 a rosturilor dintre gresia de pe pere\u021bi \u0219i podea, spre exemplu cea din buc\u0103t\u0103rie sau baie.Potrivit\u0103 pentru rosturile dintre gresia de pe pere\u021bi \u0219i podele din interiorul \u0219i din afara \u00eenc\u0103perilor. Pentru gresie ceramic\u0103 \u0219i gresie din piatr\u0103 natural\u0103. De asemenea pentru rosturile dintre klinkere, c\u0103r\u0103mizile de placare, pl\u0103cile pentru fa\u021bad\u0103, pietrele naturale \u0219i al\u021bi pere\u021bi placa\u021bi cu c\u0103r\u0103mid\u0103.<\/p>","protected":false},"excerpt":{"rendered":"<p>Solu\u021bie gata de utilizare pentru \u00eendep\u0103rtarea petelor de gr\u0103simi, murd\u0103rie, reziduurilor de solu\u021bie de \u00eentre\u021binere \u0219i a depunerilor de pete mai dificile, f\u0103r\u0103 deterioarea rosturilor dintre gresie. Pentru cur\u0103\u021barea igienic\u0103 a rosturilor dintre gresia de pe pere\u021bi \u0219i podea, spre exemplu cea din buc\u0103t\u0103rie sau baie.Potrivit\u0103 pentru rosturile dintre gresia de pe pere\u021bi \u0219i podele [&hellip;]<\/p>","protected":false},"featured_media":11558,"comment_status":"open","ping_status":"closed","template":"","meta":{"inline_featured_image":false},"product_brand":[],"product_cat":[881],"product_tag":[],"class_list":{"0":"post-11559","1":"product","2":"type-product","3":"status-publish","4":"has-post-thumbnail","6":"product_cat-glutoclean","7":"brands-pufas","8":"types-produse-auxiliare","10":"first","11":"instock","12":"taxable","13":"shipping-taxable","14":"purchasable","15":"product-type-simple"},"jetpack_sharing_enabled":true,"_links":{"self":[{"href":"https:\/\/tapete.md\/ru\/wp-json\/wp\/v2\/product\/11559","targetHints":{"allow":["GET"]}}],"collection":[{"href":"https:\/\/tapete.md\/ru\/wp-json\/wp\/v2\/product"}],"about":[{"href":"https:\/\/tapete.md\/ru\/wp-json\/wp\/v2\/types\/product"}],"replies":[{"embeddable":true,"href":"https:\/\/tapete.md\/ru\/wp-json\/wp\/v2\/comments?post=11559"}],"wp:featuredmedia":[{"embeddable":true,"href":"https:\/\/tapete.md\/ru\/wp-json\/wp\/v2\/media\/11558"}],"wp:attachment":[{"href":"https:\/\/tapete.md\/ru\/wp-json\/wp\/v2\/media?parent=11559"}],"wp:term":[{"taxonomy":"product_brand","embeddable":true,"href":"https:\/\/tapete.md\/ru\/wp-json\/wp\/v2\/product_brand?post=11559"},{"taxonomy":"product_cat","embeddable":true,"href":"https:\/\/tapete.md\/ru\/wp-json\/wp\/v2\/product_cat?post=11559"},{"taxonomy":"product_tag","embeddable":true,"href":"https:\/\/tapete.md\/ru\/wp-json\/wp\/v2\/product_tag?post=11559"}],"curies":[{"name":"wp","href":"https:\/\/api.w.org\/{rel}","templated":true}]}}