{"id":11561,"date":"2021-01-13T13:27:32","date_gmt":"2021-01-13T11:27:32","guid":{"rendered":"https:\/\/tapete.md\/product\/390364-r-solutie-pentru-indepartarea-petelor-de-grasimi-ceara-si-murdarie"},"modified":"2023-09-21T17:34:57","modified_gmt":"2023-09-21T14:34:57","slug":"390364-r-solutie-pentru-indepartarea-petelor-de-grasimi-ceara-si-murdarie","status":"publish","type":"product","link":"https:\/\/tapete.md\/ru\/product-2\/390364-r-solutie-pentru-indepartarea-petelor-de-grasimi-ceara-si-murdarie\/","title":{"rendered":"390364-R Solu\u021bie pentru \u00eendep\u0103rtarea petelor de gr\u0103simi, cear\u0103 \u0219i murd\u0103rie"},"content":{"rendered":"<p>\u00cenl\u0103tur\u0103 cu u\u0219urin\u021b\u0103 petele de murd\u0103rie mai puternice, cum sunt straturile vechi de solu\u021bie pentru cur\u0103\u021bare, urmele de gr\u0103simi, cear\u0103 \u0219i lac de lustruit, murd\u0103riile dup\u0103 constuc\u021bii, urmele de pneuri \u0219i tocuri, urmele de cauciuc, nicotin\u0103 \u0219i petele galbene.Potrivit\u0103 pentru toate suprafe\u021bele din piatr\u0103, ceramic\u0103, plastic, sticl\u0103 \u0219i metal din interiorul \u0219i din afara \u00eenc\u0103perilor. Pentru cur\u0103\u021barea temeinic\u0103 a podelelor, pervazurilor, mobilei de buc\u0103t\u0103rie, de birou \u0219i de gr\u0103din\u0103, marchizelor etc.De asemenea, se recomand\u0103 pentru cur\u0103\u021barea interiorului auto \u0219i discurilor de ro\u021bi (inclusiv cele din aluminiu).Pentru cur\u0103\u0163area preliminar\u0103 \u00eenainte de etan\u015fare, se recomand\u0103 de folosit sau de aplicat solu\u021bii pentru str\u0103lucire sau \u00eentre\u021binere.<\/p>","protected":false},"excerpt":{"rendered":"<p>\u00cenl\u0103tur\u0103 cu u\u0219urin\u021b\u0103 petele de murd\u0103rie mai puternice, cum sunt straturile vechi de solu\u021bie pentru cur\u0103\u021bare, urmele de gr\u0103simi, cear\u0103 \u0219i lac de lustruit, murd\u0103riile dup\u0103 constuc\u021bii, urmele de pneuri \u0219i tocuri, urmele de cauciuc, nicotin\u0103 \u0219i petele galbene.Potrivit\u0103 pentru toate suprafe\u021bele din piatr\u0103, ceramic\u0103, plastic, sticl\u0103 \u0219i metal din interiorul \u0219i din afara \u00eenc\u0103perilor. [&hellip;]<\/p>","protected":false},"featured_media":11560,"comment_status":"open","ping_status":"closed","template":"","meta":{"inline_featured_image":false},"product_brand":[],"product_cat":[881],"product_tag":[],"class_list":{"0":"post-11561","1":"product","2":"type-product","3":"status-publish","4":"has-post-thumbnail","6":"product_cat-glutoclean","7":"brands-pufas","8":"types-produse-auxiliare","10":"first","11":"instock","12":"taxable","13":"shipping-taxable","14":"purchasable","15":"product-type-simple"},"jetpack_sharing_enabled":true,"_links":{"self":[{"href":"https:\/\/tapete.md\/ru\/wp-json\/wp\/v2\/product\/11561","targetHints":{"allow":["GET"]}}],"collection":[{"href":"https:\/\/tapete.md\/ru\/wp-json\/wp\/v2\/product"}],"about":[{"href":"https:\/\/tapete.md\/ru\/wp-json\/wp\/v2\/types\/product"}],"replies":[{"embeddable":true,"href":"https:\/\/tapete.md\/ru\/wp-json\/wp\/v2\/comments?post=11561"}],"wp:featuredmedia":[{"embeddable":true,"href":"https:\/\/tapete.md\/ru\/wp-json\/wp\/v2\/media\/11560"}],"wp:attachment":[{"href":"https:\/\/tapete.md\/ru\/wp-json\/wp\/v2\/media?parent=11561"}],"wp:term":[{"taxonomy":"product_brand","embeddable":true,"href":"https:\/\/tapete.md\/ru\/wp-json\/wp\/v2\/product_brand?post=11561"},{"taxonomy":"product_cat","embeddable":true,"href":"https:\/\/tapete.md\/ru\/wp-json\/wp\/v2\/product_cat?post=11561"},{"taxonomy":"product_tag","embeddable":true,"href":"https:\/\/tapete.md\/ru\/wp-json\/wp\/v2\/product_tag?post=11561"}],"curies":[{"name":"wp","href":"https:\/\/api.w.org\/{rel}","templated":true}]}}