{"id":11563,"date":"2021-01-13T13:27:32","date_gmt":"2021-01-13T11:27:32","guid":{"rendered":"https:\/\/tapete.md\/product\/390365-r-036502092-degresant-pentru-bucatarie"},"modified":"2023-09-21T17:34:43","modified_gmt":"2023-09-21T14:34:43","slug":"390365-r-036502092-degresant-pentru-bucatarie","status":"publish","type":"product","link":"https:\/\/tapete.md\/ru\/product-2\/390365-r-036502092-degresant-pentru-bucatarie\/","title":{"rendered":"390365-R\/036502092 Degresant pentru bucatarie"},"content":{"rendered":"<p>Elimin\u0103 rapid orice tip de gr\u0103sime din gospod\u0103ria casnic\u0103.<br \/>\n\u00cendep\u0103rteaz\u0103 cu u\u0219urin\u021b\u0103, rapid \u0219i \u00een mod igienic toate depunerile de gr\u0103simi,<br \/>\ninclusiv cele mai dificile pete de gr\u0103simi chiar \u0219i m\u00e2ncarea ars\u0103! Efect<br \/>\nimediat!<br \/>\nPotrivit pentru utilizare at\u00e2t \u00een buc\u0103t\u0103rie c\u00e2t \u0219i \u00een gospod\u0103ria casnic\u0103.<br \/>\nPentru cur\u0103\u021barea tuturor suprafe\u021belor lavabile, cum sunt aragazul, conductele<br \/>\nde ventila\u021bie, suprafe\u021bele de sortare din buc\u0103t\u0103rie, gresia, dulapurile de<br \/>\nbuc\u0103t\u0103rie \u0219i accesoriile. De asemenea, este potrivit pentru filtrele lavabile<br \/>\npentru gr\u0103simi.\u00a0\u00a0<\/p>","protected":false},"excerpt":{"rendered":"<p>Elimin\u0103 rapid orice tip de gr\u0103sime din gospod\u0103ria casnic\u0103. \u00cendep\u0103rteaz\u0103 cu u\u0219urin\u021b\u0103, rapid \u0219i \u00een mod igienic toate depunerile de gr\u0103simi, inclusiv cele mai dificile pete de gr\u0103simi chiar \u0219i m\u00e2ncarea ars\u0103! Efect imediat! Potrivit pentru utilizare at\u00e2t \u00een buc\u0103t\u0103rie c\u00e2t \u0219i \u00een gospod\u0103ria casnic\u0103. Pentru cur\u0103\u021barea tuturor suprafe\u021belor lavabile, cum sunt aragazul, conductele de [&hellip;]<\/p>","protected":false},"featured_media":11562,"comment_status":"open","ping_status":"closed","template":"","meta":{"inline_featured_image":false},"product_brand":[],"product_cat":[881],"product_tag":[],"class_list":{"0":"post-11563","1":"product","2":"type-product","3":"status-publish","4":"has-post-thumbnail","6":"product_cat-glutoclean","7":"brands-pufas","8":"types-produse-auxiliare","10":"first","11":"instock","12":"taxable","13":"shipping-taxable","14":"purchasable","15":"product-type-simple"},"jetpack_sharing_enabled":true,"_links":{"self":[{"href":"https:\/\/tapete.md\/ru\/wp-json\/wp\/v2\/product\/11563","targetHints":{"allow":["GET"]}}],"collection":[{"href":"https:\/\/tapete.md\/ru\/wp-json\/wp\/v2\/product"}],"about":[{"href":"https:\/\/tapete.md\/ru\/wp-json\/wp\/v2\/types\/product"}],"replies":[{"embeddable":true,"href":"https:\/\/tapete.md\/ru\/wp-json\/wp\/v2\/comments?post=11563"}],"wp:featuredmedia":[{"embeddable":true,"href":"https:\/\/tapete.md\/ru\/wp-json\/wp\/v2\/media\/11562"}],"wp:attachment":[{"href":"https:\/\/tapete.md\/ru\/wp-json\/wp\/v2\/media?parent=11563"}],"wp:term":[{"taxonomy":"product_brand","embeddable":true,"href":"https:\/\/tapete.md\/ru\/wp-json\/wp\/v2\/product_brand?post=11563"},{"taxonomy":"product_cat","embeddable":true,"href":"https:\/\/tapete.md\/ru\/wp-json\/wp\/v2\/product_cat?post=11563"},{"taxonomy":"product_tag","embeddable":true,"href":"https:\/\/tapete.md\/ru\/wp-json\/wp\/v2\/product_tag?post=11563"}],"curies":[{"name":"wp","href":"https:\/\/api.w.org\/{rel}","templated":true}]}}