{"id":11565,"date":"2021-01-13T13:27:33","date_gmt":"2021-01-13T11:27:33","guid":{"rendered":"https:\/\/tapete.md\/product\/390366-r-solutie-pentru-curatat-materiale-plastice"},"modified":"2023-09-21T17:35:08","modified_gmt":"2023-09-21T14:35:08","slug":"390366-r-solutie-pentru-curatat-materiale-plastice","status":"publish","type":"product","link":"https:\/\/tapete.md\/ru\/product-2\/390366-r-solutie-pentru-curatat-materiale-plastice\/","title":{"rendered":"390366-R Solu\u021bie pentru cur\u0103\u021bat materiale plastice"},"content":{"rendered":"<p>Ac\u021bioneaz\u0103 intensiv \u0219i cur\u0103\u021b\u0103 bl\u00e2nd suprafa\u021ba. Dizolv\u0103 \u0219i \u00eenl\u0103tur\u0103 urmele de exploatare, petele dificile, de ulei \u0219i gr\u0103simi, depuneri de murd\u0103rie, cum sunt nicotina \u0219i urmele de vapori, cur\u0103\u021b\u0103 ungherele murdare.Pentru toate suprafe\u021bele din plastic din gospod\u0103ria casnic\u0103, gr\u0103din\u0103, oficiu \u0219i \u00eenc\u0103perile de lucru. Este potrivit\u0103 \u00een special pentru ramele ferestrelor, jaluzele, u\u0219i, marchize, mobila de buc\u0103t\u0103rie \u0219i de oficiu, b\u0103rci \u0219i iahturi, windsurfere, mobilier de gr\u0103din\u0103, saloanele automobilelor, materiale plastice.<\/p>","protected":false},"excerpt":{"rendered":"<p>Ac\u021bioneaz\u0103 intensiv \u0219i cur\u0103\u021b\u0103 bl\u00e2nd suprafa\u021ba. Dizolv\u0103 \u0219i \u00eenl\u0103tur\u0103 urmele de exploatare, petele dificile, de ulei \u0219i gr\u0103simi, depuneri de murd\u0103rie, cum sunt nicotina \u0219i urmele de vapori, cur\u0103\u021b\u0103 ungherele murdare.Pentru toate suprafe\u021bele din plastic din gospod\u0103ria casnic\u0103, gr\u0103din\u0103, oficiu \u0219i \u00eenc\u0103perile de lucru. Este potrivit\u0103 \u00een special pentru ramele ferestrelor, jaluzele, u\u0219i, marchize, mobila [&hellip;]<\/p>","protected":false},"featured_media":11564,"comment_status":"open","ping_status":"closed","template":"","meta":{"inline_featured_image":false},"product_brand":[],"product_cat":[881],"product_tag":[],"class_list":{"0":"post-11565","1":"product","2":"type-product","3":"status-publish","4":"has-post-thumbnail","6":"product_cat-glutoclean","7":"brands-pufas","8":"types-produse-auxiliare","10":"first","11":"instock","12":"taxable","13":"shipping-taxable","14":"purchasable","15":"product-type-simple"},"jetpack_sharing_enabled":true,"_links":{"self":[{"href":"https:\/\/tapete.md\/ru\/wp-json\/wp\/v2\/product\/11565","targetHints":{"allow":["GET"]}}],"collection":[{"href":"https:\/\/tapete.md\/ru\/wp-json\/wp\/v2\/product"}],"about":[{"href":"https:\/\/tapete.md\/ru\/wp-json\/wp\/v2\/types\/product"}],"replies":[{"embeddable":true,"href":"https:\/\/tapete.md\/ru\/wp-json\/wp\/v2\/comments?post=11565"}],"wp:featuredmedia":[{"embeddable":true,"href":"https:\/\/tapete.md\/ru\/wp-json\/wp\/v2\/media\/11564"}],"wp:attachment":[{"href":"https:\/\/tapete.md\/ru\/wp-json\/wp\/v2\/media?parent=11565"}],"wp:term":[{"taxonomy":"product_brand","embeddable":true,"href":"https:\/\/tapete.md\/ru\/wp-json\/wp\/v2\/product_brand?post=11565"},{"taxonomy":"product_cat","embeddable":true,"href":"https:\/\/tapete.md\/ru\/wp-json\/wp\/v2\/product_cat?post=11565"},{"taxonomy":"product_tag","embeddable":true,"href":"https:\/\/tapete.md\/ru\/wp-json\/wp\/v2\/product_tag?post=11565"}],"curies":[{"name":"wp","href":"https:\/\/api.w.org\/{rel}","templated":true}]}}