{"id":11569,"date":"2021-01-13T13:27:35","date_gmt":"2021-01-13T11:27:35","guid":{"rendered":"https:\/\/tapete.md\/product\/390368-r-solutie-pentru-inlaturarea-depunerilor-de-calcar"},"modified":"2023-09-21T17:35:18","modified_gmt":"2023-09-21T14:35:18","slug":"390368-r-solutie-pentru-inlaturarea-depunerilor-de-calcar","status":"publish","type":"product","link":"https:\/\/tapete.md\/ru\/product-2\/390368-r-solutie-pentru-inlaturarea-depunerilor-de-calcar\/","title":{"rendered":"390368-R Solu\u021bie pentru \u00eenl\u0103turarea depunerilor de calcar"},"content":{"rendered":"<p>Potrivit\u0103 pentru cafetiere, espressoare \u0219i automate de cafea,<br \/>\njacuzzi, ceainice electrice, fiare de c\u0103lcat cu aburi, aparate electrice de<br \/>\n\u00eenc\u0103lzire, ma\u0219ini de sp\u0103lat. De asemenea pentru accesorii, stropitoarele pentru<br \/>\ndu\u0219 \u0219i filtrele de ap\u0103.Potrivit\u0103 pentru cafetiere, espressoare \u0219i automate de cafea,<br \/>\njacuzzi, ceainice electrice, fiare de c\u0103lcat cu aburi, aparate electrice de<br \/>\n\u00eenc\u0103lzire, ma\u0219ini de sp\u0103lat. De asemenea pentru accesorii, stropitoarele pentru<br \/>\ndu\u0219 \u0219i filtrele de ap\u0103.<\/p>","protected":false},"excerpt":{"rendered":"<p>Potrivit\u0103 pentru cafetiere, espressoare \u0219i automate de cafea, jacuzzi, ceainice electrice, fiare de c\u0103lcat cu aburi, aparate electrice de \u00eenc\u0103lzire, ma\u0219ini de sp\u0103lat. De asemenea pentru accesorii, stropitoarele pentru du\u0219 \u0219i filtrele de ap\u0103.Potrivit\u0103 pentru cafetiere, espressoare \u0219i automate de cafea, jacuzzi, ceainice electrice, fiare de c\u0103lcat cu aburi, aparate electrice de \u00eenc\u0103lzire, ma\u0219ini de [&hellip;]<\/p>","protected":false},"featured_media":11568,"comment_status":"open","ping_status":"closed","template":"","meta":{"inline_featured_image":false},"product_brand":[],"product_cat":[881],"product_tag":[],"class_list":{"0":"post-11569","1":"product","2":"type-product","3":"status-publish","4":"has-post-thumbnail","6":"product_cat-glutoclean","7":"brands-pufas","8":"types-produse-auxiliare","10":"first","11":"instock","12":"taxable","13":"shipping-taxable","14":"purchasable","15":"product-type-simple"},"jetpack_sharing_enabled":true,"_links":{"self":[{"href":"https:\/\/tapete.md\/ru\/wp-json\/wp\/v2\/product\/11569","targetHints":{"allow":["GET"]}}],"collection":[{"href":"https:\/\/tapete.md\/ru\/wp-json\/wp\/v2\/product"}],"about":[{"href":"https:\/\/tapete.md\/ru\/wp-json\/wp\/v2\/types\/product"}],"replies":[{"embeddable":true,"href":"https:\/\/tapete.md\/ru\/wp-json\/wp\/v2\/comments?post=11569"}],"wp:featuredmedia":[{"embeddable":true,"href":"https:\/\/tapete.md\/ru\/wp-json\/wp\/v2\/media\/11568"}],"wp:attachment":[{"href":"https:\/\/tapete.md\/ru\/wp-json\/wp\/v2\/media?parent=11569"}],"wp:term":[{"taxonomy":"product_brand","embeddable":true,"href":"https:\/\/tapete.md\/ru\/wp-json\/wp\/v2\/product_brand?post=11569"},{"taxonomy":"product_cat","embeddable":true,"href":"https:\/\/tapete.md\/ru\/wp-json\/wp\/v2\/product_cat?post=11569"},{"taxonomy":"product_tag","embeddable":true,"href":"https:\/\/tapete.md\/ru\/wp-json\/wp\/v2\/product_tag?post=11569"}],"curies":[{"name":"wp","href":"https:\/\/api.w.org\/{rel}","templated":true}]}}