{"id":11575,"date":"2021-01-13T13:27:37","date_gmt":"2021-01-13T11:27:37","guid":{"rendered":"https:\/\/tapete.md\/product\/390374-r-solutie-pentru-curatarea-cabinelor-de-dus"},"modified":"2025-06-06T22:07:56","modified_gmt":"2025-06-06T19:07:56","slug":"390374-r-solutie-pentru-curatarea-cabinelor-de-dus","status":"publish","type":"product","link":"https:\/\/tapete.md\/ru\/product-2\/390374-r-solutie-pentru-curatarea-cabinelor-de-dus\/","title":{"rendered":"037402092\/ 390374-R Solu\u021bie pentru cur\u0103\u0163area cabinelor de du\u015f 750ml"},"content":{"rendered":"<p>\u0421\u0430\u043c\u043e\u0441\u0442\u043e\u044f\u0442\u0435\u043b\u044c\u043d\u043e \u0438 \u044d\u0444\u0444\u0435\u043a\u0442\u0438\u0432\u043d\u043e \u0443\u0434\u0430\u043b\u044f\u0435\u0442 \u0438\u0437\u0432\u0435\u0441\u0442\u043a\u043e\u0432\u044b\u0435 \u0438 \u043c\u044b\u043b\u044c\u043d\u044b\u0435 \u043d\u0430\u043b\u0451\u0442\u044b \u043d\u0430 \u043e\u0431\u043b\u0438\u0446\u043e\u0432\u043e\u0447\u043d\u043e\u0439 \u043f\u043b\u0438\u0442\u043a\u0435, \u0448\u0432\u0430\u0445 \u043c\u0435\u0436\u0434\u0443 \u043e\u0431\u043b\u0438\u0446\u043e\u0432\u043e\u0447\u043d\u043e\u0439 \u043f\u043b\u0438\u0442\u043a\u043e\u0439, \u0441\u0442\u0435\u043a\u043b\u044f\u043d\u043d\u044b\u0445 \u0440\u0430\u0437\u0434\u0435\u043b\u0438\u0442\u0435\u043b\u044c\u043d\u044b\u0445 \u0441\u0442\u0435\u043d\u0430\u0445 \u0438 \u0434\u0435\u043b\u0430\u0435\u0442 \u043f\u043e\u0432\u0435\u0440\u0445\u043d\u043e\u0441\u0442\u044c \u0433\u0438\u0433\u0438\u0435\u043d\u0438\u0447\u0435\u0441\u043a\u0438 \u0447\u0438\u0441\u0442\u043e\u0439.\n\n\u0420\u0435\u0433\u0443\u043b\u044f\u0440\u043d\u043e\u0435 \u043f\u0440\u0438\u043c\u0435\u043d\u0435\u043d\u0438\u0435 \u0443\u043c\u0435\u043d\u044c\u0448\u0430\u0435\u0442 \u043e\u0431\u0440\u0430\u0437\u043e\u0432\u0430\u043d\u0438\u0435 \u043d\u043e\u0432\u044b\u0445 \u0438\u0437\u0432\u0435\u0441\u0442\u043a\u043e\u0432\u044b\u0445 \u043d\u0430\u043b\u0451\u0442\u043e\u0432 \u0438 \u0437\u0430\u0433\u0440\u044f\u0437\u043d\u0435\u043d\u0438\u0439 \u0438 \u0437\u0430\u0449\u0438\u0449\u0430\u0435\u0442 \u043f\u043e\u0441\u0440\u0435\u0434\u0441\u0442\u0432\u043e\u043c \u0432\u043e\u0434\u043e\u043e\u0442\u0442\u0430\u043b\u043a\u0438\u0432\u0430\u044e\u0449\u0435\u0433\u043e \u044d\u0444\u0444\u0435\u043a\u0442\u0430.\n\n\u0432\u043e\u0434\u043e\u043e\u0442\u0442\u0430\u043b\u043a\u0438\u0432\u0430\u044e\u0449\u0438\u0439 \u044d\u0444\u0444\u0435\u043a\u0442\n\u043f\u0440\u043e\u0442\u0438\u0432 \u0438\u0437\u0432\u0435\u0441\u0442\u043a\u043e\u0432\u043e\u0433\u043e \u043d\u0430\u043b\u0451\u0442\u0430\n\u0434\u043b\u044f \u0441\u0442\u0435\u043a\u043b\u0430 \u0441 \u043f\u043e\u043a\u0440\u044b\u0442\u0438\u0435\u043c, \u043e\u0440\u0433\u0441\u0442\u0435\u043a\u043b\u0430, \u043f\u043b\u0430\u0441\u0442\u043c\u0430\u0441\u0441\u044b \u0438 \u0430\u043b\u044e\u043c\u0438\u043d\u0438\u044f\n\u0442\u0430\u043a\u0436\u0435 \u0434\u043b\u044f \u0434\u0443\u0448\u0435\u0432\u044b\u0445 \u0437\u0430\u043d\u0430\u0432\u0435\u0441\u043e\u043a<\/p>","protected":false},"excerpt":{"rendered":"<p>\u00cendep\u0103rteaz\u0103 \u00een mod independent \u0219i eficient depunerile de s\u0103pun\u00a0\u0219i depunerile u\u0219oare de calcar de pe gresie \u0219i faian\u021b\u0103, rosturile de la faian\u021b\u0103\u00a0\u0219i gresie, pere\u021bii desp\u0103r\u021bitori din sticl\u0103 \u0219i las\u0103 suprafa\u021ba curata \u0219i igienic\u0103.Folosirea regulat\u0103 reduce formarea noilor depuneri de calcar \u0219i murd\u0103rie \u0219i\u00a0ofer\u0103 protec\u021bie prin intermediul efectului hidrofug.Pentru cabinele de du\u0219 \u0219i pere\u021bii separatori din [&hellip;]<\/p>","protected":false},"featured_media":11574,"comment_status":"open","ping_status":"closed","template":"","meta":{"inline_featured_image":false},"product_brand":[],"product_cat":[881],"product_tag":[],"class_list":{"0":"post-11575","1":"product","2":"type-product","3":"status-publish","4":"has-post-thumbnail","6":"product_cat-glutoclean","7":"brands-pufas","8":"types-produse-auxiliare","10":"first","11":"instock","12":"taxable","13":"shipping-taxable","14":"purchasable","15":"product-type-simple"},"jetpack_sharing_enabled":true,"_links":{"self":[{"href":"https:\/\/tapete.md\/ru\/wp-json\/wp\/v2\/product\/11575","targetHints":{"allow":["GET"]}}],"collection":[{"href":"https:\/\/tapete.md\/ru\/wp-json\/wp\/v2\/product"}],"about":[{"href":"https:\/\/tapete.md\/ru\/wp-json\/wp\/v2\/types\/product"}],"replies":[{"embeddable":true,"href":"https:\/\/tapete.md\/ru\/wp-json\/wp\/v2\/comments?post=11575"}],"wp:featuredmedia":[{"embeddable":true,"href":"https:\/\/tapete.md\/ru\/wp-json\/wp\/v2\/media\/11574"}],"wp:attachment":[{"href":"https:\/\/tapete.md\/ru\/wp-json\/wp\/v2\/media?parent=11575"}],"wp:term":[{"taxonomy":"product_brand","embeddable":true,"href":"https:\/\/tapete.md\/ru\/wp-json\/wp\/v2\/product_brand?post=11575"},{"taxonomy":"product_cat","embeddable":true,"href":"https:\/\/tapete.md\/ru\/wp-json\/wp\/v2\/product_cat?post=11575"},{"taxonomy":"product_tag","embeddable":true,"href":"https:\/\/tapete.md\/ru\/wp-json\/wp\/v2\/product_tag?post=11575"}],"curies":[{"name":"wp","href":"https:\/\/api.w.org\/{rel}","templated":true}]}}