{"id":11579,"date":"2021-05-31T13:27:38","date_gmt":"2021-05-31T10:27:38","guid":{"rendered":"https:\/\/tapete.md\/product\/390377-r-gel-pentru-curatarea-tevilor"},"modified":"2023-09-21T17:27:52","modified_gmt":"2023-09-21T14:27:52","slug":"390377-r-gel-pentru-curatarea-tevilor","status":"publish","type":"product","link":"https:\/\/tapete.md\/ru\/product-2\/390377-r-gel-pentru-curatarea-tevilor\/","title":{"rendered":"037703092\/ 390377-R Gel pentru cur\u0103\u021barea \u021bevilor 1L"},"content":{"rendered":"<p>Gel eficient pentru cur\u0103\u021barea celor mai \u00eenfundate \u021bevi prin<br \/>\ndizolvarea \u0219i diluarea murd\u0103riilor, precum \u0219i prin eliminarea mirosurilor<br \/>\nnepl\u0103cute. Datorit\u0103 structurii sale gelatinoase, acesta se r\u0103sp\u00e2nde\u0219te \u00eencet \u0219i<br \/>\nuniform prin \u021bevi. Posed\u0103 un efect independent \u0219i nu genereaz\u0103 c\u0103ldur\u0103, \u0219i<br \/>\ntotodat\u0103 elimin\u0103 mirosurile nepl\u0103cute. Nu d\u0103uneaz\u0103 c\u0103ptu\u0219elilor \u0219i \u021bevilor din<br \/>\nplastic \u0219i metal. \u00cendep\u0103rteaz\u0103 cu u\u0219urin\u021b\u0103 petele dure, cum sunt straturile de<br \/>\nulei \u0219i gr\u0103simi, resturile de la alimente \u0219i s\u0103pun, firele de p\u0103r, vata.<br \/>\nAplicarea regulat\u0103 previne \u00eenfund\u0103rile ulterioare \u0219i formarea mirosurilor.<br \/>\nPentru toate sistemele de scurgere \u0219i conductele din metal \u0219i plastic din<br \/>\nbuc\u0103t\u0103rii \u0219i b\u0103i, cum sunt de exemplu: chiuvetele, cabinele de du\u0219, c\u0103zile de<br \/>\nbaie, vasele de closet.<\/p>\n<p><a href=\"https:\/\/www.youtube.com\/watch?v=Ym9njvtIESk\" target=\"_blank\" rel=\"noopener nofollow\">\u041d\u0430\u0436\u043c\u0438\u0442\u0435, \u0447\u0442\u043e\u0431\u044b \u0443\u0432\u0438\u0434\u0435\u0442\u044c \u0431\u043e\u043b\u0435\u0435 \u043f\u043e\u0434\u0440\u043e\u0431\u043d\u0443\u044e \u0438\u043d\u0444\u043e\u0440\u043c\u0430\u0446\u0438\u044e \u043d\u0430 www.youtube.com<\/a><\/p>","protected":false},"excerpt":{"rendered":"<p>Gel eficient pentru cur\u0103\u021barea celor mai \u00eenfundate \u021bevi prin dizolvarea \u0219i diluarea murd\u0103riilor, precum \u0219i prin eliminarea mirosurilor nepl\u0103cute. Datorit\u0103 structurii sale gelatinoase, acesta se r\u0103sp\u00e2nde\u0219te \u00eencet \u0219i uniform prin \u021bevi. Posed\u0103 un efect independent \u0219i nu genereaz\u0103 c\u0103ldur\u0103, \u0219i totodat\u0103 elimin\u0103 mirosurile nepl\u0103cute. Nu d\u0103uneaz\u0103 c\u0103ptu\u0219elilor \u0219i \u021bevilor din plastic \u0219i metal. \u00cendep\u0103rteaz\u0103 cu [&hellip;]<\/p>","protected":false},"featured_media":11578,"comment_status":"open","ping_status":"closed","template":"","meta":{"inline_featured_image":false},"product_brand":[],"product_cat":[881],"product_tag":[],"class_list":{"0":"post-11579","1":"product","2":"type-product","3":"status-publish","4":"has-post-thumbnail","6":"product_cat-glutoclean","7":"brands-pufas","8":"types-produse-auxiliare","10":"first","11":"instock","12":"taxable","13":"shipping-taxable","14":"purchasable","15":"product-type-simple"},"jetpack_sharing_enabled":true,"_links":{"self":[{"href":"https:\/\/tapete.md\/ru\/wp-json\/wp\/v2\/product\/11579","targetHints":{"allow":["GET"]}}],"collection":[{"href":"https:\/\/tapete.md\/ru\/wp-json\/wp\/v2\/product"}],"about":[{"href":"https:\/\/tapete.md\/ru\/wp-json\/wp\/v2\/types\/product"}],"replies":[{"embeddable":true,"href":"https:\/\/tapete.md\/ru\/wp-json\/wp\/v2\/comments?post=11579"}],"wp:featuredmedia":[{"embeddable":true,"href":"https:\/\/tapete.md\/ru\/wp-json\/wp\/v2\/media\/11578"}],"wp:attachment":[{"href":"https:\/\/tapete.md\/ru\/wp-json\/wp\/v2\/media?parent=11579"}],"wp:term":[{"taxonomy":"product_brand","embeddable":true,"href":"https:\/\/tapete.md\/ru\/wp-json\/wp\/v2\/product_brand?post=11579"},{"taxonomy":"product_cat","embeddable":true,"href":"https:\/\/tapete.md\/ru\/wp-json\/wp\/v2\/product_cat?post=11579"},{"taxonomy":"product_tag","embeddable":true,"href":"https:\/\/tapete.md\/ru\/wp-json\/wp\/v2\/product_tag?post=11579"}],"curies":[{"name":"wp","href":"https:\/\/api.w.org\/{rel}","templated":true}]}}