{"id":11587,"date":"2021-01-13T13:27:42","date_gmt":"2021-01-13T11:27:42","guid":{"rendered":"https:\/\/tapete.md\/product\/390387-r-solutie-pentru-indepartarea-mucegaiului-contine-clor"},"modified":"2023-09-21T17:31:58","modified_gmt":"2023-09-21T14:31:58","slug":"390387-r-solutie-pentru-indepartarea-mucegaiului-contine-clor","status":"publish","type":"product","link":"https:\/\/tapete.md\/ru\/product-2\/390387-r-solutie-pentru-indepartarea-mucegaiului-contine-clor\/","title":{"rendered":"038702092 \/ 390387-R Solu\u0163ie pentru \u00eendep\u0103rtarea mucegaiului \u2013 con\u021bine clor"},"content":{"rendered":"<p>Pentru \u00eendep\u0103rtarea eficient\u0103 \u0219i \u00eendelungat\u0103 a tuturor tipurilor de mucegai \u0219i ciuperci.\u00a0Ac\u021bioneaz\u0103 instantaneu, dezinfecteaz\u0103, posed\u0103 un efect puternic de albire.\u00a0Excelent pentru toate suprafe\u021bele lavabile din interiorul \u00eenc\u0103perilor cum sunt blocurile sanitare, saunele \u0219i bazinele. Pentru prelucrarea rosturilor dintre gresie, pere\u021bi, tavane, zid\u0103riile de piatr\u0103, lemn, sticl\u0103 \u0219i plastic.<\/p>\n<ul>\n<li>\u041f\u043e\u0441\u043c\u043e\u0442\u0440\u0438\u0442\u0435, \u043a\u0430\u043a \u0432\u044b \u043c\u043e\u0436\u0435\u0442\u0435 \u0438\u0441\u043f\u043e\u043b\u044c\u0437\u043e\u0432\u0430\u0442\u044c \u0435\u0433\u043e \u0437\u0434\u0435\u0441\u044c &gt;&gt;&gt; <a rel=\"nofollow noopener\" href=\"https:\/\/www.youtube.com\/watch?v=sGrCDvSzc3c\" target=\"_blank\">https:\/\/www.youtube.com\/watch?v=sGrCDvSzc3c<\/a><\/li>\n<\/ul>","protected":false},"excerpt":{"rendered":"<p>Pentru \u00eendep\u0103rtarea eficient\u0103 \u0219i \u00eendelungat\u0103 a tuturor tipurilor de mucegai \u0219i ciuperci.\u00a0Ac\u021bioneaz\u0103 instantaneu, dezinfecteaz\u0103, posed\u0103 un efect puternic de albire.\u00a0Excelent pentru toate suprafe\u021bele lavabile din interiorul \u00eenc\u0103perilor cum sunt blocurile sanitare, saunele \u0219i bazinele. Pentru prelucrarea rosturilor dintre gresie, pere\u021bi, tavane, zid\u0103riile de piatr\u0103, lemn, sticl\u0103 \u0219i plastic. Vezi cum il poti folosi aici &gt;&gt;&gt; [&hellip;]<\/p>","protected":false},"featured_media":11586,"comment_status":"open","ping_status":"closed","template":"","meta":{"inline_featured_image":false},"product_brand":[],"product_cat":[881],"product_tag":[],"class_list":{"0":"post-11587","1":"product","2":"type-product","3":"status-publish","4":"has-post-thumbnail","6":"product_cat-glutoclean","7":"brands-pufas","8":"types-produse-auxiliare","10":"first","11":"instock","12":"taxable","13":"shipping-taxable","14":"purchasable","15":"product-type-simple"},"jetpack_sharing_enabled":true,"_links":{"self":[{"href":"https:\/\/tapete.md\/ru\/wp-json\/wp\/v2\/product\/11587","targetHints":{"allow":["GET"]}}],"collection":[{"href":"https:\/\/tapete.md\/ru\/wp-json\/wp\/v2\/product"}],"about":[{"href":"https:\/\/tapete.md\/ru\/wp-json\/wp\/v2\/types\/product"}],"replies":[{"embeddable":true,"href":"https:\/\/tapete.md\/ru\/wp-json\/wp\/v2\/comments?post=11587"}],"wp:featuredmedia":[{"embeddable":true,"href":"https:\/\/tapete.md\/ru\/wp-json\/wp\/v2\/media\/11586"}],"wp:attachment":[{"href":"https:\/\/tapete.md\/ru\/wp-json\/wp\/v2\/media?parent=11587"}],"wp:term":[{"taxonomy":"product_brand","embeddable":true,"href":"https:\/\/tapete.md\/ru\/wp-json\/wp\/v2\/product_brand?post=11587"},{"taxonomy":"product_cat","embeddable":true,"href":"https:\/\/tapete.md\/ru\/wp-json\/wp\/v2\/product_cat?post=11587"},{"taxonomy":"product_tag","embeddable":true,"href":"https:\/\/tapete.md\/ru\/wp-json\/wp\/v2\/product_tag?post=11587"}],"curies":[{"name":"wp","href":"https:\/\/api.w.org\/{rel}","templated":true}]}}