{"id":11589,"date":"2021-01-13T13:27:43","date_gmt":"2021-01-13T11:27:43","guid":{"rendered":"https:\/\/tapete.md\/product\/390388-r-spray-dezinfectant"},"modified":"2025-06-06T22:07:56","modified_gmt":"2025-06-06T19:07:56","slug":"390388-r-spray-dezinfectant","status":"publish","type":"product","link":"https:\/\/tapete.md\/ru\/product-2\/390388-r-spray-dezinfectant\/","title":{"rendered":"390388-R Spray dezinfectant"},"content":{"rendered":"<p class=\"translation-block\">\u0414\u0435\u0437\u0438\u043d\u0444\u0438\u0446\u0438\u0440\u0443\u044e\u0449\u0438\u0439 \u043e\u0447\u0438\u0441\u0442\u0438\u0442\u0435\u043b\u044c\n\n\u041d\u0430 \u0434\u043b\u0438\u0442\u0435\u043b\u044c\u043d\u044b\u0439 \u0441\u0440\u043e\u043a \u0443\u0434\u0430\u043b\u044f\u0435\u0442 \u0431\u0430\u043a\u0442\u0435\u0440\u0438\u0438, \u043f\u043b\u0435\u0441\u0435\u043d\u044c, \u0432\u0438\u0440\u0443\u0441, \u0433\u0440\u0438\u0431\u043e\u043a, \u0432\u043e\u0437\u0431\u0443\u0434\u0438\u0442\u0435\u043b\u0435\u0439 \u0431\u043e\u043b\u0435\u0437\u043d\u0435\u0439, \u0430 \u0442\u0430\u043a\u0436\u0435 \u0437\u0430\u0433\u0440\u044f\u0437\u043d\u0435\u043d\u0438\u044f. \u041f\u0440\u0438 \u0440\u0435\u0433\u0443\u043b\u044f\u0440\u043d\u043e\u043c \u043f\u0440\u0438\u043c\u0435\u043d\u0435\u043d\u0438\u0438 \u0434\u0435\u0439\u0441\u0442\u0432\u0443\u0435\u0442 \u0442\u0430\u043a\u0436\u0435 \u043f\u0440\u043e\u0444\u0438\u043b\u0430\u043a\u0442\u0438\u0447\u0435\u0441\u043a\u0438 \u043f\u0440\u043e\u0442\u0438\u0432 \u043f\u043e\u044f\u0432\u043b\u0435\u043d\u0438\u044f \u043f\u043b\u0435\u0441\u0435\u043d\u0438 \u0438 \u0433\u0440\u0438\u0431\u043a\u0430.\n\n\u0443\u0434\u0430\u043b\u044f\u0435\u0442 \u043f\u043b\u0435\u0441\u0435\u043d\u044c \u0438 \u0431\u0430\u043a\u0442\u0435\u0440\u0438\u0438\n\u0434\u043b\u044f \u0432\u0441\u0435\u0445 \u043f\u043e\u0432\u0435\u0440\u0445\u043d\u043e\u0441\u0442\u0435\u0439 \u0432 \u0434\u043e\u043c\u0430\u0448\u043d\u0435\u043c \u0445\u043e\u0437\u044f\u0439\u0441\u0442\u0432\u0435, \u0432\u0430\u043d\u043d\u044b\u0445 \u043a\u043e\u043c\u043d\u0430\u0442, \u043a\u0443\u0445\u043e\u043d\u044c, \u043f\u043e\u043b\u043e\u0432 \u0438 \u043c\u0435\u0431\u0435\u043b\u0438\n\u0443\u0441\u0442\u0440\u0430\u043d\u044f\u0435\u0442 \u043d\u0435\u043f\u0440\u0438\u044f\u0442\u043d\u044b\u0435 \u0437\u0430\u043f\u0430\u0445\u0438\n\u043e\u0447\u0438\u0449\u0430\u0435\u0442 \u0438 \u0434\u0435\u0437\u0438\u043d\u0444\u0438\u0446\u0438\u0440\u0443\u0435\u0442<\/p>\n<p><iframe loading=\"lazy\" title=\"Glutoclean Hygiene Spray   \u0414\u0435\u0437\u0438\u043d\u0444\u0438\u0446\u0438\u0440\u0443\u044e\u0449\u0438\u0439 \u043e\u0447\u0438\u0441\u0442\u0438\u0442\u0435\u043b\u044c\" width=\"1240\" height=\"698\" src=\"https:\/\/www.youtube.com\/embed\/Hni-B16CJt0?feature=oembed\" frameborder=\"0\" allow=\"accelerometer; autoplay; clipboard-write; encrypted-media; gyroscope; picture-in-picture\" allowfullscreen><\/iframe><\/p>\n<p>&nbsp;<\/p>","protected":false},"excerpt":{"rendered":"<p>Dezinfecteaz\u0103 \u0219i cur\u0103\u021b\u0103 suprafe\u021bele. \u00cenl\u0103tur\u0103 pe termen lung bacteriile, mucegaiul, viru\u0219ii, ciupercile, agen\u021bii patogeni, precum \u0219i murd\u0103ria.Atunci c\u00e2nd este aplicat \u00een mod regulat, de asemenea, ac\u021bioneaz\u0103 \u00eempotriva apari\u021biei mucegaiului \u0219i ciupercilor.Pe toate suprafe\u021bele lavabile din b\u0103i, veceuri, buc\u0103t\u0103rii, \u00eenc\u0103perile de locuit, camerele copiilor \u0219i dormitoare. Pe suprafe\u021bele de lucru din buc\u0103t\u0103rie, care periodic vin \u00een [&hellip;]<\/p>","protected":false},"featured_media":11588,"comment_status":"open","ping_status":"closed","template":"","meta":{"inline_featured_image":false},"product_brand":[],"product_cat":[881],"product_tag":[],"class_list":{"0":"post-11589","1":"product","2":"type-product","3":"status-publish","4":"has-post-thumbnail","6":"product_cat-glutoclean","7":"brands-pufas","8":"types-produse-auxiliare","10":"first","11":"instock","12":"taxable","13":"shipping-taxable","14":"purchasable","15":"product-type-simple"},"jetpack_sharing_enabled":true,"_links":{"self":[{"href":"https:\/\/tapete.md\/ru\/wp-json\/wp\/v2\/product\/11589","targetHints":{"allow":["GET"]}}],"collection":[{"href":"https:\/\/tapete.md\/ru\/wp-json\/wp\/v2\/product"}],"about":[{"href":"https:\/\/tapete.md\/ru\/wp-json\/wp\/v2\/types\/product"}],"replies":[{"embeddable":true,"href":"https:\/\/tapete.md\/ru\/wp-json\/wp\/v2\/comments?post=11589"}],"wp:featuredmedia":[{"embeddable":true,"href":"https:\/\/tapete.md\/ru\/wp-json\/wp\/v2\/media\/11588"}],"wp:attachment":[{"href":"https:\/\/tapete.md\/ru\/wp-json\/wp\/v2\/media?parent=11589"}],"wp:term":[{"taxonomy":"product_brand","embeddable":true,"href":"https:\/\/tapete.md\/ru\/wp-json\/wp\/v2\/product_brand?post=11589"},{"taxonomy":"product_cat","embeddable":true,"href":"https:\/\/tapete.md\/ru\/wp-json\/wp\/v2\/product_cat?post=11589"},{"taxonomy":"product_tag","embeddable":true,"href":"https:\/\/tapete.md\/ru\/wp-json\/wp\/v2\/product_tag?post=11589"}],"curies":[{"name":"wp","href":"https:\/\/api.w.org\/{rel}","templated":true}]}}