{"id":11595,"date":"2021-01-13T13:27:46","date_gmt":"2021-01-13T11:27:46","guid":{"rendered":"https:\/\/tapete.md\/product\/390392-r-dezinfectant-pentru-frigider"},"modified":"2025-06-06T22:07:56","modified_gmt":"2025-06-06T19:07:56","slug":"390392-r-dezinfectant-pentru-frigider","status":"publish","type":"product","link":"https:\/\/tapete.md\/ru\/product-2\/390392-r-dezinfectant-pentru-frigider\/","title":{"rendered":"390392-R Dezinfectant pentru frigider"},"content":{"rendered":"<p>\u00cendep\u0103rteaz\u0103 urmele l\u0103sate<br \/>\nde produsele alimentare, murd\u0103rie, straturile de gr\u0103simi precum \u0219i urmele de la<br \/>\nutilizare. Previne alterarea alimentelor \u0219i asigur\u0103 o cur\u0103\u021benie igienic\u0103.<br \/>\nPotrivit pentru cur\u0103\u021barea tuturor frigiderelor, cuptoarelor cu microunde,<br \/>\ncamerelor de congelare \u0219i altor suprafe\u021be, care vin \u00een contact cu produsele<br \/>\nalimentare, cum sunt suprafe\u021bele de lucru din buc\u0103t\u0103rie<\/p>","protected":false},"excerpt":{"rendered":"<p>\u00cendep\u0103rteaz\u0103 urmele l\u0103sate de produsele alimentare, murd\u0103rie, straturile de gr\u0103simi precum \u0219i urmele de la utilizare. Previne alterarea alimentelor \u0219i asigur\u0103 o cur\u0103\u021benie igienic\u0103. Potrivit pentru cur\u0103\u021barea tuturor frigiderelor, cuptoarelor cu microunde, camerelor de congelare \u0219i altor suprafe\u021be, care vin \u00een contact cu produsele alimentare, cum sunt suprafe\u021bele de lucru din buc\u0103t\u0103rie<\/p>","protected":false},"featured_media":11594,"comment_status":"open","ping_status":"closed","template":"","meta":{"inline_featured_image":false},"product_brand":[],"product_cat":[881],"product_tag":[],"class_list":{"0":"post-11595","1":"product","2":"type-product","3":"status-publish","4":"has-post-thumbnail","6":"product_cat-glutoclean","7":"brands-pufas","8":"types-produse-auxiliare","10":"first","11":"instock","12":"taxable","13":"shipping-taxable","14":"purchasable","15":"product-type-simple"},"jetpack_sharing_enabled":true,"_links":{"self":[{"href":"https:\/\/tapete.md\/ru\/wp-json\/wp\/v2\/product\/11595","targetHints":{"allow":["GET"]}}],"collection":[{"href":"https:\/\/tapete.md\/ru\/wp-json\/wp\/v2\/product"}],"about":[{"href":"https:\/\/tapete.md\/ru\/wp-json\/wp\/v2\/types\/product"}],"replies":[{"embeddable":true,"href":"https:\/\/tapete.md\/ru\/wp-json\/wp\/v2\/comments?post=11595"}],"wp:featuredmedia":[{"embeddable":true,"href":"https:\/\/tapete.md\/ru\/wp-json\/wp\/v2\/media\/11594"}],"wp:attachment":[{"href":"https:\/\/tapete.md\/ru\/wp-json\/wp\/v2\/media?parent=11595"}],"wp:term":[{"taxonomy":"product_brand","embeddable":true,"href":"https:\/\/tapete.md\/ru\/wp-json\/wp\/v2\/product_brand?post=11595"},{"taxonomy":"product_cat","embeddable":true,"href":"https:\/\/tapete.md\/ru\/wp-json\/wp\/v2\/product_cat?post=11595"},{"taxonomy":"product_tag","embeddable":true,"href":"https:\/\/tapete.md\/ru\/wp-json\/wp\/v2\/product_tag?post=11595"}],"curies":[{"name":"wp","href":"https:\/\/api.w.org\/{rel}","templated":true}]}}