{"id":11597,"date":"2021-06-02T23:30:46","date_gmt":"2021-06-02T20:30:46","guid":{"rendered":"https:\/\/tapete.md\/product\/390471-r-spray-de-curatare-a-emailurilor-vitrifiate"},"modified":"2025-04-15T08:49:35","modified_gmt":"2025-04-15T05:49:35","slug":"390471-r-spray-de-curatare-a-emailurilor-vitrifiate","status":"publish","type":"product","link":"https:\/\/tapete.md\/ru\/product-2\/390471-r-spray-de-curatare-a-emailurilor-vitrifiate\/","title":{"rendered":"047102092\/ 390471-R Spray de cur\u0103\u021bare a emailurilor vitrifiate"},"content":{"rendered":"<p class=\"translation-block\">Poate fi utilizat pentru cur\u0103\u021barea plitelor de g\u0103tit<br>\r\nvitroceramice \u0219i plitelor cu induc\u021bie, blocurilor \u0219i punctelor de fierbere,<br>\r\ncrati\u021belor, plitelor electrice, mixerelor, grilelor aragazelor etc. La<br>\r\nfolosirea regulat\u0103 a spray-ului de cur\u0103\u021bare pe suprafa\u021b\u0103 se formeaz\u0103 un strat<br>\r\nprotector invizibil, care \u00eempiedic\u0103 aderen\u021ba crustei de pe suprafe\u021be, precum \u0219i<br>\r\nriscul deterior\u0103rii din cauza arderii produselor care con\u021bin zah\u0103r. Confer\u0103<br>\r\nsuprafe\u021belor o str\u0103lucire de cristal \u0219i nu las\u0103 urme.<\/p>\n<p><a rel=\"nofollow noopener\" href=\"https:\/\/www.youtube.com\/watch?v=utESf6A16wE\" target=\"_blank\">\u041d\u0430\u0436\u043c\u0438\u0442\u0435, \u0447\u0442\u043e\u0431\u044b \u0443\u0432\u0438\u0434\u0435\u0442\u044c \u0431\u043e\u043b\u0435\u0435 \u043f\u043e\u0434\u0440\u043e\u0431\u043d\u0443\u044e \u0438\u043d\u0444\u043e\u0440\u043c\u0430\u0446\u0438\u044e \u043d\u0430 www.youtube.com<\/a><\/p>","protected":false},"excerpt":{"rendered":"<p>Poate fi utilizat pentru cur\u0103\u021barea plitelor de g\u0103tit vitroceramice \u0219i plitelor cu induc\u021bie, blocurilor \u0219i punctelor de fierbere, crati\u021belor, plitelor electrice, mixerelor, grilelor aragazelor etc. La folosirea regulat\u0103 a spray-ului de cur\u0103\u021bare pe suprafa\u021b\u0103 se formeaz\u0103 un strat protector invizibil, care \u00eempiedic\u0103 aderen\u021ba crustei de pe suprafe\u021be, precum \u0219i riscul deterior\u0103rii din cauza arderii produselor [&hellip;]<\/p>","protected":false},"featured_media":11596,"comment_status":"open","ping_status":"closed","template":"","meta":{"inline_featured_image":false},"product_brand":[],"product_cat":[881],"product_tag":[],"class_list":{"0":"post-11597","1":"product","2":"type-product","3":"status-publish","4":"has-post-thumbnail","6":"product_cat-glutoclean","7":"brands-pufas","8":"types-produse-auxiliare","10":"first","11":"instock","12":"taxable","13":"shipping-taxable","14":"purchasable","15":"product-type-simple"},"jetpack_sharing_enabled":true,"_links":{"self":[{"href":"https:\/\/tapete.md\/ru\/wp-json\/wp\/v2\/product\/11597","targetHints":{"allow":["GET"]}}],"collection":[{"href":"https:\/\/tapete.md\/ru\/wp-json\/wp\/v2\/product"}],"about":[{"href":"https:\/\/tapete.md\/ru\/wp-json\/wp\/v2\/types\/product"}],"replies":[{"embeddable":true,"href":"https:\/\/tapete.md\/ru\/wp-json\/wp\/v2\/comments?post=11597"}],"wp:featuredmedia":[{"embeddable":true,"href":"https:\/\/tapete.md\/ru\/wp-json\/wp\/v2\/media\/11596"}],"wp:attachment":[{"href":"https:\/\/tapete.md\/ru\/wp-json\/wp\/v2\/media?parent=11597"}],"wp:term":[{"taxonomy":"product_brand","embeddable":true,"href":"https:\/\/tapete.md\/ru\/wp-json\/wp\/v2\/product_brand?post=11597"},{"taxonomy":"product_cat","embeddable":true,"href":"https:\/\/tapete.md\/ru\/wp-json\/wp\/v2\/product_cat?post=11597"},{"taxonomy":"product_tag","embeddable":true,"href":"https:\/\/tapete.md\/ru\/wp-json\/wp\/v2\/product_tag?post=11597"}],"curies":[{"name":"wp","href":"https:\/\/api.w.org\/{rel}","templated":true}]}}