{"id":11603,"date":"2021-01-13T13:27:49","date_gmt":"2021-01-13T11:27:49","guid":{"rendered":"https:\/\/tapete.md\/product\/adeziv-pufas-indicator-300gr"},"modified":"2025-12-02T09:06:46","modified_gmt":"2025-12-02T07:06:46","slug":"adeziv-pufas-indicator-300gr","status":"publish","type":"product","link":"https:\/\/tapete.md\/ru\/product-2\/adeziv-pufas-indicator-300gr\/","title":{"rendered":"Indicator 300gr Vinyl"},"content":{"rendered":"<p>&#8211; pentru toate tipurile de tapet din vinil \u0219i tapet cu structur\u0103.- con\u021bine indicator roz pentru aplicarea vizibil\u0103 a adezivului.- cu miros de l\u0103m\u00eeie.- rezisten\u021b\u0103 la umeditate sporit\u0103 &#8211; cu polimer PVA pentru aderen\u021b\u0103 ridicat\u0103.- \u00een 5 minute este gata pentru utilizare.- se usuc\u0103 transparent.- 300 gr este suficient pentru 40-50 m2.- tapetul mai t\u00eerziu poate fi \u00eendep\u0103rtat uscat.- durat\u0103 de valabilitate minim\u0103 de 5 ani de la data fabric\u0103rii.<\/p>","protected":false},"excerpt":{"rendered":"<p>&#8211; pentru toate tipurile de tapet din vinil \u0219i tapet cu structur\u0103.- con\u021bine indicator roz pentru aplicarea vizibil\u0103 a adezivului.- cu miros de l\u0103m\u00eeie.- rezisten\u021b\u0103 la umeditate sporit\u0103 &#8211; cu polimer PVA pentru aderen\u021b\u0103 ridicat\u0103.- \u00een 5 minute este gata pentru utilizare.- se usuc\u0103 transparent.- 300 gr este suficient pentru 40-50 m2.- tapetul mai t\u00eerziu [&hellip;]<\/p>","protected":false},"featured_media":11602,"comment_status":"open","ping_status":"closed","template":"","meta":{"inline_featured_image":false},"product_brand":[],"product_cat":[1053],"product_tag":[],"class_list":{"0":"post-11603","1":"product","2":"type-product","3":"status-publish","4":"has-post-thumbnail","6":"product_cat-adeziv","7":"brands-pufas","8":"types-produse-auxiliare","10":"first","11":"instock","12":"taxable","13":"shipping-taxable","14":"purchasable","15":"product-type-simple"},"jetpack_sharing_enabled":true,"_links":{"self":[{"href":"https:\/\/tapete.md\/ru\/wp-json\/wp\/v2\/product\/11603","targetHints":{"allow":["GET"]}}],"collection":[{"href":"https:\/\/tapete.md\/ru\/wp-json\/wp\/v2\/product"}],"about":[{"href":"https:\/\/tapete.md\/ru\/wp-json\/wp\/v2\/types\/product"}],"replies":[{"embeddable":true,"href":"https:\/\/tapete.md\/ru\/wp-json\/wp\/v2\/comments?post=11603"}],"wp:featuredmedia":[{"embeddable":true,"href":"https:\/\/tapete.md\/ru\/wp-json\/wp\/v2\/media\/11602"}],"wp:attachment":[{"href":"https:\/\/tapete.md\/ru\/wp-json\/wp\/v2\/media?parent=11603"}],"wp:term":[{"taxonomy":"product_brand","embeddable":true,"href":"https:\/\/tapete.md\/ru\/wp-json\/wp\/v2\/product_brand?post=11603"},{"taxonomy":"product_cat","embeddable":true,"href":"https:\/\/tapete.md\/ru\/wp-json\/wp\/v2\/product_cat?post=11603"},{"taxonomy":"product_tag","embeddable":true,"href":"https:\/\/tapete.md\/ru\/wp-json\/wp\/v2\/product_tag?post=11603"}],"curies":[{"name":"wp","href":"https:\/\/api.w.org\/{rel}","templated":true}]}}