{"id":11605,"date":"2021-01-13T13:27:50","date_gmt":"2021-01-13T11:27:50","guid":{"rendered":"https:\/\/tapete.md\/product\/adeziv-pufas-special-vinyl-200gr"},"modified":"2026-02-18T16:56:52","modified_gmt":"2026-02-18T14:56:52","slug":"adeziv-pufas-special-vinyl-200gr","status":"publish","type":"product","link":"https:\/\/tapete.md\/ru\/product-2\/adeziv-pufas-special-vinyl-200gr\/","title":{"rendered":"Special 200gr Vinyl"},"content":{"rendered":"<p>&#8211; pentru toate tipurile de tapet din vinil \u0219i tapet cu structur\u0103.- rezistent la umeditate sporit\u0103 &#8211; cu polimer PVA pentru aderen\u021b\u0103 ridicat\u0103.- \u00een 5 minute este gata pentru utilizare.- 200 gr este suficient pentru 25-35 m2.- durat\u0103 de valabilitate minim\u0103 de 5 ani de la data fabric\u0103rii.<\/p>","protected":false},"excerpt":{"rendered":"<p>&#8211; pentru toate tipurile de tapet din vinil \u0219i tapet cu structur\u0103.- rezistent la umeditate sporit\u0103 &#8211; cu polimer PVA pentru aderen\u021b\u0103 ridicat\u0103.- \u00een 5 minute este gata pentru utilizare.- 200 gr este suficient pentru 25-35 m2.- durat\u0103 de valabilitate minim\u0103 de 5 ani de la data fabric\u0103rii.<\/p>","protected":false},"featured_media":11604,"comment_status":"open","ping_status":"closed","template":"","meta":{"inline_featured_image":false},"product_brand":[],"product_cat":[1053],"product_tag":[],"class_list":{"0":"post-11605","1":"product","2":"type-product","3":"status-publish","4":"has-post-thumbnail","6":"product_cat-adeziv","7":"brands-pufas","8":"types-produse-auxiliare","10":"first","11":"instock","12":"taxable","13":"shipping-taxable","14":"purchasable","15":"product-type-simple"},"jetpack_sharing_enabled":true,"_links":{"self":[{"href":"https:\/\/tapete.md\/ru\/wp-json\/wp\/v2\/product\/11605","targetHints":{"allow":["GET"]}}],"collection":[{"href":"https:\/\/tapete.md\/ru\/wp-json\/wp\/v2\/product"}],"about":[{"href":"https:\/\/tapete.md\/ru\/wp-json\/wp\/v2\/types\/product"}],"replies":[{"embeddable":true,"href":"https:\/\/tapete.md\/ru\/wp-json\/wp\/v2\/comments?post=11605"}],"wp:featuredmedia":[{"embeddable":true,"href":"https:\/\/tapete.md\/ru\/wp-json\/wp\/v2\/media\/11604"}],"wp:attachment":[{"href":"https:\/\/tapete.md\/ru\/wp-json\/wp\/v2\/media?parent=11605"}],"wp:term":[{"taxonomy":"product_brand","embeddable":true,"href":"https:\/\/tapete.md\/ru\/wp-json\/wp\/v2\/product_brand?post=11605"},{"taxonomy":"product_cat","embeddable":true,"href":"https:\/\/tapete.md\/ru\/wp-json\/wp\/v2\/product_cat?post=11605"},{"taxonomy":"product_tag","embeddable":true,"href":"https:\/\/tapete.md\/ru\/wp-json\/wp\/v2\/product_tag?post=11605"}],"curies":[{"name":"wp","href":"https:\/\/api.w.org\/{rel}","templated":true}]}}