{"id":11607,"date":"2021-01-13T13:27:51","date_gmt":"2021-01-13T11:27:51","guid":{"rendered":"https:\/\/tapete.md\/product\/adeziv-roll-kleber-gtv-500gr"},"modified":"2023-09-22T10:24:14","modified_gmt":"2023-09-22T07:24:14","slug":"adeziv-roll-kleber-gtv-500gr","status":"publish","type":"product","link":"https:\/\/tapete.md\/ru\/product-2\/adeziv-roll-kleber-gtv-500gr\/","title":{"rendered":"ADEZIV ROLL-KLEBER GTV 500gr"},"content":{"rendered":"<p>&#8211;\u00a0Adeziv de metilceluloz\u0103 de calitate \u00eenalt\u0103, se dizolv\u0103 rapid, de clas\u0103 premium.\u00a0Rezisten\u021b\u0103 la umiditate.-\u00a0cu PVA pentru aderen\u021b\u0103 ridicat\u0103.- \u00een 5 minute gata pentru utilizare.- 500 gr este suficient pentru 50 m2.- antibacterian.<\/p>","protected":false},"excerpt":{"rendered":"<p>&#8211;\u00a0Adeziv de metilceluloz\u0103 de calitate \u00eenalt\u0103, se dizolv\u0103 rapid, de clas\u0103 premium.\u00a0Rezisten\u021b\u0103 la umiditate.-\u00a0cu PVA pentru aderen\u021b\u0103 ridicat\u0103.- \u00een 5 minute gata pentru utilizare.- 500 gr este suficient pentru 50 m2.- antibacterian.<\/p>","protected":false},"featured_media":11606,"comment_status":"open","ping_status":"closed","template":"","meta":{"inline_featured_image":false},"product_brand":[],"product_cat":[1053],"product_tag":[],"class_list":{"0":"post-11607","1":"product","2":"type-product","3":"status-publish","4":"has-post-thumbnail","6":"product_cat-adeziv","7":"brands-pufas","8":"types-produse-auxiliare","10":"first","11":"outofstock","12":"taxable","13":"shipping-taxable","14":"purchasable","15":"product-type-simple"},"jetpack_sharing_enabled":true,"_links":{"self":[{"href":"https:\/\/tapete.md\/ru\/wp-json\/wp\/v2\/product\/11607","targetHints":{"allow":["GET"]}}],"collection":[{"href":"https:\/\/tapete.md\/ru\/wp-json\/wp\/v2\/product"}],"about":[{"href":"https:\/\/tapete.md\/ru\/wp-json\/wp\/v2\/types\/product"}],"replies":[{"embeddable":true,"href":"https:\/\/tapete.md\/ru\/wp-json\/wp\/v2\/comments?post=11607"}],"wp:featuredmedia":[{"embeddable":true,"href":"https:\/\/tapete.md\/ru\/wp-json\/wp\/v2\/media\/11606"}],"wp:attachment":[{"href":"https:\/\/tapete.md\/ru\/wp-json\/wp\/v2\/media?parent=11607"}],"wp:term":[{"taxonomy":"product_brand","embeddable":true,"href":"https:\/\/tapete.md\/ru\/wp-json\/wp\/v2\/product_brand?post=11607"},{"taxonomy":"product_cat","embeddable":true,"href":"https:\/\/tapete.md\/ru\/wp-json\/wp\/v2\/product_cat?post=11607"},{"taxonomy":"product_tag","embeddable":true,"href":"https:\/\/tapete.md\/ru\/wp-json\/wp\/v2\/product_tag?post=11607"}],"curies":[{"name":"wp","href":"https:\/\/api.w.org\/{rel}","templated":true}]}}