{"id":11609,"date":"2021-01-13T13:27:51","date_gmt":"2021-01-13T11:27:51","guid":{"rendered":"https:\/\/tapete.md\/product\/adeziv-security-gk10"},"modified":"2025-08-05T17:05:33","modified_gmt":"2025-08-05T14:05:33","slug":"adeziv-security-gk10","status":"publish","type":"product","link":"https:\/\/tapete.md\/ru\/product-2\/adeziv-security-gk10\/","title":{"rendered":"Special Security GK10 500gr"},"content":{"rendered":"<p>&#8211; pentru tipurile de tapet din fibr\u0103 de sticl\u0103, vlies, tapet vopsibil \u0219i tapete grele.- rezisten\u021b\u0103 la umeditate sporit\u0103 &#8211;\u00a0cu polimer PVA pentru aderen\u021b\u0103 ridicat\u0103.- \u00een 15 minute este gata pentru utilizare.- 500 gr este suficient pentru 25-30 m2.- durat\u0103 de valabilitate minim\u0103 de 5 ani de la data fabric\u0103rii.<\/p>","protected":false},"excerpt":{"rendered":"<p>&#8211; pentru tipurile de tapet din fibr\u0103 de sticl\u0103, vlies, tapet vopsibil \u0219i tapete grele.- rezisten\u021b\u0103 la umeditate sporit\u0103 &#8211;\u00a0cu polimer PVA pentru aderen\u021b\u0103 ridicat\u0103.- \u00een 15 minute este gata pentru utilizare.- 500 gr este suficient pentru 25-30 m2.- durat\u0103 de valabilitate minim\u0103 de 5 ani de la data fabric\u0103rii.<\/p>","protected":false},"featured_media":11608,"comment_status":"open","ping_status":"closed","template":"","meta":{"inline_featured_image":false},"product_brand":[],"product_cat":[1053],"product_tag":[],"class_list":{"0":"post-11609","1":"product","2":"type-product","3":"status-publish","4":"has-post-thumbnail","6":"product_cat-adeziv","7":"brands-pufas","8":"types-produse-auxiliare","10":"first","11":"instock","12":"taxable","13":"shipping-taxable","14":"purchasable","15":"product-type-simple"},"jetpack_sharing_enabled":true,"_links":{"self":[{"href":"https:\/\/tapete.md\/ru\/wp-json\/wp\/v2\/product\/11609","targetHints":{"allow":["GET"]}}],"collection":[{"href":"https:\/\/tapete.md\/ru\/wp-json\/wp\/v2\/product"}],"about":[{"href":"https:\/\/tapete.md\/ru\/wp-json\/wp\/v2\/types\/product"}],"replies":[{"embeddable":true,"href":"https:\/\/tapete.md\/ru\/wp-json\/wp\/v2\/comments?post=11609"}],"wp:featuredmedia":[{"embeddable":true,"href":"https:\/\/tapete.md\/ru\/wp-json\/wp\/v2\/media\/11608"}],"wp:attachment":[{"href":"https:\/\/tapete.md\/ru\/wp-json\/wp\/v2\/media?parent=11609"}],"wp:term":[{"taxonomy":"product_brand","embeddable":true,"href":"https:\/\/tapete.md\/ru\/wp-json\/wp\/v2\/product_brand?post=11609"},{"taxonomy":"product_cat","embeddable":true,"href":"https:\/\/tapete.md\/ru\/wp-json\/wp\/v2\/product_cat?post=11609"},{"taxonomy":"product_tag","embeddable":true,"href":"https:\/\/tapete.md\/ru\/wp-json\/wp\/v2\/product_tag?post=11609"}],"curies":[{"name":"wp","href":"https:\/\/api.w.org\/{rel}","templated":true}]}}