{"id":11611,"date":"2021-01-13T13:27:52","date_gmt":"2021-01-13T11:27:52","guid":{"rendered":"https:\/\/tapete.md\/product\/euro-3000-adeziv-special-vynil-300gr"},"modified":"2025-08-05T17:04:09","modified_gmt":"2025-08-05T14:04:09","slug":"euro-3000-adeziv-special-vynil-300gr","status":"publish","type":"product","link":"https:\/\/tapete.md\/ru\/product-2\/euro-3000-adeziv-special-vynil-300gr\/","title":{"rendered":"Spezial Vinyl 300gr"},"content":{"rendered":"<p>&#8211; pentru toate tipurile de tapet din vinil \u0219i tapet cu structur\u0103.- rezistent la umeditate sporit\u0103 &#8211; cu polimer PVA pentru aderen\u021b\u0103 ridicat\u0103.- \u00een 5 minute este gata pentru utilizare.- 300 gr este suficient pentru 40-50 m2.- durat\u0103 de valabilitate minim\u0103 de 5 ani de la data producerii.<\/p>","protected":false},"excerpt":{"rendered":"<p>&#8211; pentru toate tipurile de tapet din vinil \u0219i tapet cu structur\u0103.- rezistent la umeditate sporit\u0103 &#8211; cu polimer PVA pentru aderen\u021b\u0103 ridicat\u0103.- \u00een 5 minute este gata pentru utilizare.- 300 gr este suficient pentru 40-50 m2.- durat\u0103 de valabilitate minim\u0103 de 5 ani de la data producerii.<\/p>","protected":false},"featured_media":11610,"comment_status":"open","ping_status":"closed","template":"","meta":{"inline_featured_image":false},"product_brand":[],"product_cat":[1053],"product_tag":[],"class_list":{"0":"post-11611","1":"product","2":"type-product","3":"status-publish","4":"has-post-thumbnail","6":"product_cat-adeziv","7":"symbols-adezivul-se-aplica-pe-pereti","8":"symbols-full-removing","9":"brands-pufas","10":"types-produse-auxiliare","12":"first","13":"instock","14":"sale","15":"taxable","16":"shipping-taxable","17":"purchasable","18":"product-type-simple"},"jetpack_sharing_enabled":true,"_links":{"self":[{"href":"https:\/\/tapete.md\/ru\/wp-json\/wp\/v2\/product\/11611","targetHints":{"allow":["GET"]}}],"collection":[{"href":"https:\/\/tapete.md\/ru\/wp-json\/wp\/v2\/product"}],"about":[{"href":"https:\/\/tapete.md\/ru\/wp-json\/wp\/v2\/types\/product"}],"replies":[{"embeddable":true,"href":"https:\/\/tapete.md\/ru\/wp-json\/wp\/v2\/comments?post=11611"}],"wp:featuredmedia":[{"embeddable":true,"href":"https:\/\/tapete.md\/ru\/wp-json\/wp\/v2\/media\/11610"}],"wp:attachment":[{"href":"https:\/\/tapete.md\/ru\/wp-json\/wp\/v2\/media?parent=11611"}],"wp:term":[{"taxonomy":"product_brand","embeddable":true,"href":"https:\/\/tapete.md\/ru\/wp-json\/wp\/v2\/product_brand?post=11611"},{"taxonomy":"product_cat","embeddable":true,"href":"https:\/\/tapete.md\/ru\/wp-json\/wp\/v2\/product_cat?post=11611"},{"taxonomy":"product_tag","embeddable":true,"href":"https:\/\/tapete.md\/ru\/wp-json\/wp\/v2\/product_tag?post=11611"}],"curies":[{"name":"wp","href":"https:\/\/api.w.org\/{rel}","templated":true}]}}