{"id":11615,"date":"2021-01-13T13:27:59","date_gmt":"2021-01-13T11:27:59","guid":{"rendered":"https:\/\/tapete.md\/product\/euro-3000-adeziv-vlies-kleber-200gr"},"modified":"2025-08-05T17:03:00","modified_gmt":"2025-08-05T14:03:00","slug":"euro-3000-adeziv-vlies-kleber-200gr","status":"publish","type":"product","link":"https:\/\/tapete.md\/ru\/product-2\/euro-3000-adeziv-vlies-kleber-200gr\/","title":{"rendered":"Vlies 200gr"},"content":{"rendered":"<p>- \u0434\u043b\u044f \u0432\u0441\u0435\u0445 \u0442\u0438\u043f\u043e\u0432 \u043e\u0431\u043e\u0435\u0432 \u043d\u0430 \u0444\u043b\u0438\u0441\u043e\u0432\u043e\u0439 \u043e\u0441\u043d\u043e\u0432\u0435 - \u043f\u043e\u0432\u044b\u0448\u0435\u043d\u043d\u0430\u044f \u0432\u043b\u0430\u0433\u043e\u0441\u0442\u043e\u0439\u043a\u043e\u0441\u0442\u044c - \u0441 \u043f\u043e\u043b\u0438\u043c\u0435\u0440\u043e\u043c \u041f\u0412\u0410 \u0434\u043b\u044f \u0432\u044b\u0441\u043e\u043a\u043e\u0439 \u0430\u0434\u0433\u0435\u0437\u0438\u0438 - \u0447\u0435\u0440\u0435\u0437 5 \u043c\u0438\u043d\u0443\u0442 \u0433\u043e\u0442\u043e\u0432\u044b \u043a \u0438\u0441\u043f\u043e\u043b\u044c\u0437\u043e\u0432\u0430\u043d\u0438\u044e - 200 \u0433 \u0434\u043e\u0441\u0442\u0430\u0442\u043e\u0447\u043d\u043e \u043f\u0440\u0438\u043c\u0435\u0440\u043d\u043e \u043d\u0430 30 \u043c2 - \u043e\u0431\u043e\u0438 \u043c\u043e\u0436\u043d\u043e \u0441\u043d\u044f\u0442\u044c \u043f\u043e\u0437\u0436\u0435 \u0441\u0443\u0445\u043e\u0439.- \u043c\u0438\u043d\u0438\u043c\u0430\u043b\u044c\u043d\u044b\u0439 \u0441\u0440\u043e\u043a \u0445\u0440\u0430\u043d\u0435\u043d\u0438\u044f 5 \u043b\u0435\u0442 \u0441\u043e \u0434\u043d\u044f \u0438\u0437\u0433\u043e\u0442\u043e\u0432\u043b\u0435\u043d\u0438\u044f.<\/p>\n<p>&nbsp;<\/p>\n<p><a href=\"https:\/\/www.youtube.com\/watch?v=ZKsmBDH6FsU\" target=\"_blank\" rel=\"noopener nofollow\">\u041d\u0430\u0436\u043c\u0438\u0442\u0435, \u0447\u0442\u043e\u0431\u044b \u0443\u0432\u0438\u0434\u0435\u0442\u044c \u0431\u043e\u043b\u0435\u0435 \u043f\u043e\u0434\u0440\u043e\u0431\u043d\u0443\u044e \u0438\u043d\u0444\u043e\u0440\u043c\u0430\u0446\u0438\u044e \u043d\u0430 www.youtube.com<\/a><\/p>","protected":false},"excerpt":{"rendered":"<p>&#8211; pentru toate tipurile de tapet pe baz\u0103 de flizelin.- rezisten\u021b\u0103 la umeditate sporit\u0103 &#8211; cu polimer PVA pentru aderen\u021b\u0103 ridicat\u0103.- \u00een 5 minute este gata pentru utilizare.- 200 gr este suficient pentru cca 30 m2.- tapetul mai t\u00eerziu poate fi \u00eendep\u0103rtat uscat.- durat\u0103 de valabilitate minim\u0103 de 5 ani de la data fabric\u0103rii. &nbsp; [&hellip;]<\/p>","protected":false},"featured_media":22996,"comment_status":"open","ping_status":"closed","template":"","meta":{"inline_featured_image":false},"product_brand":[],"product_cat":[1053],"product_tag":[],"class_list":{"0":"post-11615","1":"product","2":"type-product","3":"status-publish","4":"has-post-thumbnail","6":"product_cat-adeziv","7":"brands-pufas","8":"types-produse-auxiliare","10":"first","11":"instock","12":"taxable","13":"shipping-taxable","14":"purchasable","15":"product-type-simple"},"jetpack_sharing_enabled":true,"_links":{"self":[{"href":"https:\/\/tapete.md\/ru\/wp-json\/wp\/v2\/product\/11615","targetHints":{"allow":["GET"]}}],"collection":[{"href":"https:\/\/tapete.md\/ru\/wp-json\/wp\/v2\/product"}],"about":[{"href":"https:\/\/tapete.md\/ru\/wp-json\/wp\/v2\/types\/product"}],"replies":[{"embeddable":true,"href":"https:\/\/tapete.md\/ru\/wp-json\/wp\/v2\/comments?post=11615"}],"wp:featuredmedia":[{"embeddable":true,"href":"https:\/\/tapete.md\/ru\/wp-json\/wp\/v2\/media\/22996"}],"wp:attachment":[{"href":"https:\/\/tapete.md\/ru\/wp-json\/wp\/v2\/media?parent=11615"}],"wp:term":[{"taxonomy":"product_brand","embeddable":true,"href":"https:\/\/tapete.md\/ru\/wp-json\/wp\/v2\/product_brand?post=11615"},{"taxonomy":"product_cat","embeddable":true,"href":"https:\/\/tapete.md\/ru\/wp-json\/wp\/v2\/product_cat?post=11615"},{"taxonomy":"product_tag","embeddable":true,"href":"https:\/\/tapete.md\/ru\/wp-json\/wp\/v2\/product_tag?post=11615"}],"curies":[{"name":"wp","href":"https:\/\/api.w.org\/{rel}","templated":true}]}}