{"id":11619,"date":"2021-01-13T13:28:01","date_gmt":"2021-01-13T11:28:01","guid":{"rendered":"https:\/\/tapete.md\/product\/euro-3000-ekonom-kleber-300gr"},"modified":"2026-02-17T12:31:19","modified_gmt":"2026-02-17T10:31:19","slug":"euro-3000-ekonom-kleber-300gr","status":"publish","type":"product","link":"https:\/\/tapete.md\/ru\/product-2\/euro-3000-ekonom-kleber-300gr\/","title":{"rendered":"EURO 3000 EKONOM KLEBER 300gr"},"content":{"rendered":"<p>&#8211; pentru toate tipurile de tapet din vinil.-\u00a0rezisten\u021b\u0103 la umeditate sporit\u0103 &#8211;\u00a0cu polimer PVA pentru aderen\u021b\u0103 ridicat\u0103.-\u00a0\u00een 5 minute gata pentru utilizare.- 300 gr este suficient pentru 40-50 m2.- se usuc\u0103 transparent.- tapetul mai t\u00eerziu poate fi \u00eendep\u0103rtat uscat.- durat\u0103 de valabilitate minim\u0103 de 5 ani de la data fabric\u0103rii.<\/p>","protected":false},"excerpt":{"rendered":"<p>&#8211; pentru toate tipurile de tapet din vinil.-\u00a0rezisten\u021b\u0103 la umeditate sporit\u0103 &#8211;\u00a0cu polimer PVA pentru aderen\u021b\u0103 ridicat\u0103.-\u00a0\u00een 5 minute gata pentru utilizare.- 300 gr este suficient pentru 40-50 m2.- se usuc\u0103 transparent.- tapetul mai t\u00eerziu poate fi \u00eendep\u0103rtat uscat.- durat\u0103 de valabilitate minim\u0103 de 5 ani de la data fabric\u0103rii.<\/p>","protected":false},"featured_media":11618,"comment_status":"open","ping_status":"closed","template":"","meta":{"inline_featured_image":false},"product_brand":[],"product_cat":[1053],"product_tag":[],"class_list":{"0":"post-11619","1":"product","2":"type-product","3":"status-publish","4":"has-post-thumbnail","6":"product_cat-adeziv","7":"brands-pufas","8":"types-produse-auxiliare","10":"first","11":"instock","12":"taxable","13":"shipping-taxable","14":"purchasable","15":"product-type-simple"},"jetpack_sharing_enabled":true,"_links":{"self":[{"href":"https:\/\/tapete.md\/ru\/wp-json\/wp\/v2\/product\/11619","targetHints":{"allow":["GET"]}}],"collection":[{"href":"https:\/\/tapete.md\/ru\/wp-json\/wp\/v2\/product"}],"about":[{"href":"https:\/\/tapete.md\/ru\/wp-json\/wp\/v2\/types\/product"}],"replies":[{"embeddable":true,"href":"https:\/\/tapete.md\/ru\/wp-json\/wp\/v2\/comments?post=11619"}],"wp:featuredmedia":[{"embeddable":true,"href":"https:\/\/tapete.md\/ru\/wp-json\/wp\/v2\/media\/11618"}],"wp:attachment":[{"href":"https:\/\/tapete.md\/ru\/wp-json\/wp\/v2\/media?parent=11619"}],"wp:term":[{"taxonomy":"product_brand","embeddable":true,"href":"https:\/\/tapete.md\/ru\/wp-json\/wp\/v2\/product_brand?post=11619"},{"taxonomy":"product_cat","embeddable":true,"href":"https:\/\/tapete.md\/ru\/wp-json\/wp\/v2\/product_cat?post=11619"},{"taxonomy":"product_tag","embeddable":true,"href":"https:\/\/tapete.md\/ru\/wp-json\/wp\/v2\/product_tag?post=11619"}],"curies":[{"name":"wp","href":"https:\/\/api.w.org\/{rel}","templated":true}]}}