{"id":11621,"date":"2021-01-13T13:28:02","date_gmt":"2021-01-13T11:28:02","guid":{"rendered":"https:\/\/tapete.md\/product\/euro-3000-ekonom-kleber-500gr"},"modified":"2026-01-08T20:00:40","modified_gmt":"2026-01-08T18:00:40","slug":"euro-3000-ekonom-kleber-500gr","status":"publish","type":"product","link":"https:\/\/tapete.md\/ru\/product-2\/euro-3000-ekonom-kleber-500gr\/","title":{"rendered":"Ekonom 500gr"},"content":{"rendered":"<p>&#8211; pentru toate tipurile de tapet din vinil, tapet cu structur\u0103, tapet din flizelin \u0219i h\u00eertie.- rezisten\u021b\u0103 la umeditate sporit\u0103 &#8211;\u00a0cu polimer PVA pentru aderen\u021b\u0103 ridicat\u0103.- \u00een 5 minute gata pentru utilizare.- 500 gr este suficient pentru 70-75 m2.- se usuc\u0103 transparent.- tapetul mai t\u00eerziu poate fi \u00eendep\u0103rtat uscat.- durat\u0103 de valabilitate minim\u0103 de 5 ani de la data fabric\u0103rii.<\/p>","protected":false},"excerpt":{"rendered":"<p>&#8211; pentru toate tipurile de tapet din vinil, tapet cu structur\u0103, tapet din flizelin \u0219i h\u00eertie.- rezisten\u021b\u0103 la umeditate sporit\u0103 &#8211;\u00a0cu polimer PVA pentru aderen\u021b\u0103 ridicat\u0103.- \u00een 5 minute gata pentru utilizare.- 500 gr este suficient pentru 70-75 m2.- se usuc\u0103 transparent.- tapetul mai t\u00eerziu poate fi \u00eendep\u0103rtat uscat.- durat\u0103 de valabilitate minim\u0103 de 5 [&hellip;]<\/p>","protected":false},"featured_media":22813,"comment_status":"open","ping_status":"closed","template":"","meta":{"inline_featured_image":false},"product_brand":[],"product_cat":[1053],"product_tag":[],"class_list":{"0":"post-11621","1":"product","2":"type-product","3":"status-publish","4":"has-post-thumbnail","6":"product_cat-adeziv","7":"brands-pufas","8":"types-produse-auxiliare","10":"first","11":"instock","12":"taxable","13":"shipping-taxable","14":"purchasable","15":"product-type-simple"},"jetpack_sharing_enabled":true,"_links":{"self":[{"href":"https:\/\/tapete.md\/ru\/wp-json\/wp\/v2\/product\/11621","targetHints":{"allow":["GET"]}}],"collection":[{"href":"https:\/\/tapete.md\/ru\/wp-json\/wp\/v2\/product"}],"about":[{"href":"https:\/\/tapete.md\/ru\/wp-json\/wp\/v2\/types\/product"}],"replies":[{"embeddable":true,"href":"https:\/\/tapete.md\/ru\/wp-json\/wp\/v2\/comments?post=11621"}],"wp:featuredmedia":[{"embeddable":true,"href":"https:\/\/tapete.md\/ru\/wp-json\/wp\/v2\/media\/22813"}],"wp:attachment":[{"href":"https:\/\/tapete.md\/ru\/wp-json\/wp\/v2\/media?parent=11621"}],"wp:term":[{"taxonomy":"product_brand","embeddable":true,"href":"https:\/\/tapete.md\/ru\/wp-json\/wp\/v2\/product_brand?post=11621"},{"taxonomy":"product_cat","embeddable":true,"href":"https:\/\/tapete.md\/ru\/wp-json\/wp\/v2\/product_cat?post=11621"},{"taxonomy":"product_tag","embeddable":true,"href":"https:\/\/tapete.md\/ru\/wp-json\/wp\/v2\/product_tag?post=11621"}],"curies":[{"name":"wp","href":"https:\/\/api.w.org\/{rel}","templated":true}]}}