{"id":11631,"date":"2021-01-13T13:28:06","date_gmt":"2021-01-13T11:28:06","guid":{"rendered":"https:\/\/tapete.md\/product\/lub001-1010mm-colt-uniton-alb-27m"},"modified":"2024-05-29T17:48:35","modified_gmt":"2024-05-29T14:48:35","slug":"lub001-1010mm-colt-uniton-alb-27m","status":"publish","type":"product","link":"https:\/\/tapete.md\/ru\/product-2\/lub001-1010mm-colt-uniton-alb-27m\/","title":{"rendered":"Coltar 10*10*2750 uniton Alb"},"content":{"rendered":"<p>Col\u021buri de finisare din PVC &#8211; concepute pentru a decora \u0219i proteja \u00eembin\u0103rile tapetului, c\u0103ptu\u0219eala, plafonarea, panourile din MDF, pl\u0103ci de particule, PVC \u0219i alte materiale.Vopsirea pe dou\u0103 fe\u021be a col\u021burilor v\u0103 permite s\u0103 utiliza\u021bi profile pentru finisarea col\u021burilor exterioare \u0219i interne ale camerei.Lungimea: 2750 mmL\u0103\u021bimea: 10&#215;10 mm<\/p>","protected":false},"excerpt":{"rendered":"<p>Col\u021buri de finisare din PVC &#8211; concepute pentru a decora \u0219i proteja \u00eembin\u0103rile tapetului, c\u0103ptu\u0219eala, plafonarea, panourile din MDF, pl\u0103ci de particule, PVC \u0219i alte materiale.Vopsirea pe dou\u0103 fe\u021be a col\u021burilor v\u0103 permite s\u0103 utiliza\u021bi profile pentru finisarea col\u021burilor exterioare \u0219i interne ale camerei.Lungimea: 2750 mmL\u0103\u021bimea: 10&#215;10 mm<\/p>","protected":false},"featured_media":11630,"comment_status":"open","ping_status":"closed","template":"","meta":{"inline_featured_image":false},"product_brand":[],"product_cat":[1052],"product_tag":[],"class_list":{"0":"post-11631","1":"product","2":"type-product","3":"status-publish","4":"has-post-thumbnail","6":"product_cat-corniere-pentru-tapet-si-teracota","7":"brands-line-plast","8":"types-produse-auxiliare","10":"first","11":"outofstock","12":"taxable","13":"shipping-taxable","14":"purchasable","15":"product-type-simple"},"jetpack_sharing_enabled":true,"_links":{"self":[{"href":"https:\/\/tapete.md\/ru\/wp-json\/wp\/v2\/product\/11631","targetHints":{"allow":["GET"]}}],"collection":[{"href":"https:\/\/tapete.md\/ru\/wp-json\/wp\/v2\/product"}],"about":[{"href":"https:\/\/tapete.md\/ru\/wp-json\/wp\/v2\/types\/product"}],"replies":[{"embeddable":true,"href":"https:\/\/tapete.md\/ru\/wp-json\/wp\/v2\/comments?post=11631"}],"wp:featuredmedia":[{"embeddable":true,"href":"https:\/\/tapete.md\/ru\/wp-json\/wp\/v2\/media\/11630"}],"wp:attachment":[{"href":"https:\/\/tapete.md\/ru\/wp-json\/wp\/v2\/media?parent=11631"}],"wp:term":[{"taxonomy":"product_brand","embeddable":true,"href":"https:\/\/tapete.md\/ru\/wp-json\/wp\/v2\/product_brand?post=11631"},{"taxonomy":"product_cat","embeddable":true,"href":"https:\/\/tapete.md\/ru\/wp-json\/wp\/v2\/product_cat?post=11631"},{"taxonomy":"product_tag","embeddable":true,"href":"https:\/\/tapete.md\/ru\/wp-json\/wp\/v2\/product_tag?post=11631"}],"curies":[{"name":"wp","href":"https:\/\/api.w.org\/{rel}","templated":true}]}}