{"id":11636,"date":"2023-12-02T13:28:08","date_gmt":"2023-12-02T11:28:08","guid":{"rendered":"https:\/\/tapete.md\/product\/solutie-de-curatat-lustre"},"modified":"2025-06-06T22:07:56","modified_gmt":"2025-06-06T19:07:56","slug":"solutie-de-curatat-lustre","status":"publish","type":"product","link":"https:\/\/tapete.md\/ru\/product-2\/solutie-de-curatat-lustre\/","title":{"rendered":"047902092-R Solu\u021bie de cur\u0103\u021bat lustre 750ml"},"content":{"rendered":"<p>Cur\u0103\u021bare rapid\u0103 \u0219i simpl\u0103 a corpurilor de iluminat \u0219i lustrelor, inclusiv celor de cristal. Potrivit\u0103, de asemenea, pentru oglinzi \u0219i sticl\u0103. \u00cenl\u0103tur\u0103 \u0219i elimin\u0103 murd\u0103ria greu de \u00eenl\u0103turat \u0219i funinginea f\u0103r\u0103 \u0219tergere ulterioar\u0103. Dup\u0103 uscare lustrele lucesc, iar cristalul str\u0103luce\u0219te.Pentru cur\u0103\u021barea corpurilor de iluminat, lustrelor, inclusiv celor de cristal, sticlei, sticlelor de geam, u\u0219ilor \u0219i pere\u021bilor cabinei de du\u0219, meselor din sticl\u0103, vitrinelor, lentilelor ochelarilor, oglinzilor etc.<\/p>\n<p>&nbsp;<\/p>\n<ul>\n<li>\u041f\u043e\u0441\u043c\u043e\u0442\u0440\u0438\u0442\u0435, \u043a\u0430\u043a \u0432\u044b \u043c\u043e\u0436\u0435\u0442\u0435 \u0438\u0441\u043f\u043e\u043b\u044c\u0437\u043e\u0432\u0430\u0442\u044c \u0435\u0433\u043e \u0437\u0434\u0435\u0441\u044c &gt;&gt;&gt;\u00a0<a rel=\"nofollow noopener\" href=\"https:\/\/www.youtube.com\/watch?v=6tivNl1i9wo\" target=\"_blank\">https:\/\/www.youtube.com\/watch?v=6tivNl1i9wo<\/a><\/li>\n<\/ul>","protected":false},"excerpt":{"rendered":"<p>Cur\u0103\u021bare rapid\u0103 \u0219i simpl\u0103 a corpurilor de iluminat \u0219i lustrelor, inclusiv celor de cristal. Potrivit\u0103, de asemenea, pentru oglinzi \u0219i sticl\u0103. \u00cenl\u0103tur\u0103 \u0219i elimin\u0103 murd\u0103ria greu de \u00eenl\u0103turat \u0219i funinginea f\u0103r\u0103 \u0219tergere ulterioar\u0103. Dup\u0103 uscare lustrele lucesc, iar cristalul str\u0103luce\u0219te.Pentru cur\u0103\u021barea corpurilor de iluminat, lustrelor, inclusiv celor de cristal, sticlei, sticlelor de geam, u\u0219ilor \u0219i [&hellip;]<\/p>","protected":false},"featured_media":11635,"comment_status":"open","ping_status":"closed","template":"","meta":{"inline_featured_image":false},"product_brand":[],"product_cat":[881],"product_tag":[],"class_list":{"0":"post-11636","1":"product","2":"type-product","3":"status-publish","4":"has-post-thumbnail","6":"product_cat-glutoclean","7":"brands-pufas","8":"types-produse-auxiliare","10":"first","11":"instock","12":"featured","13":"taxable","14":"shipping-taxable","15":"purchasable","16":"product-type-simple"},"jetpack_sharing_enabled":true,"_links":{"self":[{"href":"https:\/\/tapete.md\/ru\/wp-json\/wp\/v2\/product\/11636","targetHints":{"allow":["GET"]}}],"collection":[{"href":"https:\/\/tapete.md\/ru\/wp-json\/wp\/v2\/product"}],"about":[{"href":"https:\/\/tapete.md\/ru\/wp-json\/wp\/v2\/types\/product"}],"replies":[{"embeddable":true,"href":"https:\/\/tapete.md\/ru\/wp-json\/wp\/v2\/comments?post=11636"}],"wp:featuredmedia":[{"embeddable":true,"href":"https:\/\/tapete.md\/ru\/wp-json\/wp\/v2\/media\/11635"}],"wp:attachment":[{"href":"https:\/\/tapete.md\/ru\/wp-json\/wp\/v2\/media?parent=11636"}],"wp:term":[{"taxonomy":"product_brand","embeddable":true,"href":"https:\/\/tapete.md\/ru\/wp-json\/wp\/v2\/product_brand?post=11636"},{"taxonomy":"product_cat","embeddable":true,"href":"https:\/\/tapete.md\/ru\/wp-json\/wp\/v2\/product_cat?post=11636"},{"taxonomy":"product_tag","embeddable":true,"href":"https:\/\/tapete.md\/ru\/wp-json\/wp\/v2\/product_tag?post=11636"}],"curies":[{"name":"wp","href":"https:\/\/api.w.org\/{rel}","templated":true}]}}