{"id":11653,"date":"2021-01-13T13:28:16","date_gmt":"2021-01-13T11:28:16","guid":{"rendered":"https:\/\/tapete.md\/product\/adeziv-uni-fix"},"modified":"2025-11-03T12:08:38","modified_gmt":"2025-11-03T10:08:38","slug":"adeziv-uni-fix","status":"publish","type":"product","link":"https:\/\/tapete.md\/ru\/product-2\/adeziv-uni-fix\/","title":{"rendered":"Pufas Uni-Fix adeziv pentru \u00eembin\u0103ri &#8211; 60g"},"content":{"rendered":"<p>&#8211; pentru \u00eembin\u0103ri \u0219i repara\u021bii rapide, pentru desp\u0103r\u021bituri, sau marginile dintre tapet, pentru lipirea \u0219i repararea materialelor textile, carton, lemn etc.- f\u0103r\u0103 solven\u021bi.- se usuc\u0103 transparent \u0219i nu devine galben.<\/p>","protected":false},"excerpt":{"rendered":"<p>&#8211; pentru \u00eembin\u0103ri \u0219i repara\u021bii rapide, pentru desp\u0103r\u021bituri, sau marginile dintre tapet, pentru lipirea \u0219i repararea materialelor textile, carton, lemn etc.- f\u0103r\u0103 solven\u021bi.- se usuc\u0103 transparent \u0219i nu devine galben.<\/p>","protected":false},"featured_media":11652,"comment_status":"open","ping_status":"closed","template":"","meta":{"inline_featured_image":false},"product_brand":[],"product_cat":[1053],"product_tag":[],"class_list":{"0":"post-11653","1":"product","2":"type-product","3":"status-publish","4":"has-post-thumbnail","6":"product_cat-adeziv","7":"brands-pufas","8":"types-produse-auxiliare","10":"first","11":"instock","12":"taxable","13":"shipping-taxable","14":"purchasable","15":"product-type-simple"},"jetpack_sharing_enabled":true,"_links":{"self":[{"href":"https:\/\/tapete.md\/ru\/wp-json\/wp\/v2\/product\/11653","targetHints":{"allow":["GET"]}}],"collection":[{"href":"https:\/\/tapete.md\/ru\/wp-json\/wp\/v2\/product"}],"about":[{"href":"https:\/\/tapete.md\/ru\/wp-json\/wp\/v2\/types\/product"}],"replies":[{"embeddable":true,"href":"https:\/\/tapete.md\/ru\/wp-json\/wp\/v2\/comments?post=11653"}],"wp:featuredmedia":[{"embeddable":true,"href":"https:\/\/tapete.md\/ru\/wp-json\/wp\/v2\/media\/11652"}],"wp:attachment":[{"href":"https:\/\/tapete.md\/ru\/wp-json\/wp\/v2\/media?parent=11653"}],"wp:term":[{"taxonomy":"product_brand","embeddable":true,"href":"https:\/\/tapete.md\/ru\/wp-json\/wp\/v2\/product_brand?post=11653"},{"taxonomy":"product_cat","embeddable":true,"href":"https:\/\/tapete.md\/ru\/wp-json\/wp\/v2\/product_cat?post=11653"},{"taxonomy":"product_tag","embeddable":true,"href":"https:\/\/tapete.md\/ru\/wp-json\/wp\/v2\/product_tag?post=11653"}],"curies":[{"name":"wp","href":"https:\/\/api.w.org\/{rel}","templated":true}]}}