{"id":11655,"date":"2021-05-30T11:28:17","date_gmt":"2021-05-30T08:28:17","guid":{"rendered":"https:\/\/tapete.md\/product\/adeziv-k-15-310ml"},"modified":"2023-09-22T11:04:44","modified_gmt":"2023-09-22T08:04:44","slug":"adeziv-k-15-310ml","status":"publish","type":"product","link":"https:\/\/tapete.md\/ru\/product-2\/adeziv-k-15-310ml\/","title":{"rendered":"Adeziv K-15 300g"},"content":{"rendered":"<p>Adeziv structural pe baz\u0103 de polimeri MS. Lipire extrem de puternic\u0103 pentru aproape toate materialele \u0219i substraturile. Dup\u0103 uscare, rezist\u0103 la sarcini mari.- transparent- f\u0103r\u0103 solven\u021bi- aderen\u021b\u0103 ridicat\u0103 \u0219i lipire puternic\u0103- pentru lucr\u0103ri externe \u0219i interne- poate fi vopsit- pentru materiale precum faian\u021b\u0103, metal, oglind\u0103, sticl\u0103, ceramic\u0103, PVC, suprafe\u021be l\u0103cuite \u0219i vopsite, multe tipuri de plastic- transportul \u0219i depozitarea sunt, de asemenea, posibile. deci pl. -15 \u00b0 C- rezisten\u021b\u0103 la trac\u021biune: 2,2 MPa (N \/ mm\u00b2)- rezisten\u021b\u0103 la trac\u021biune: 250%- temperatura de lucru dup\u0103 uscare: de la -40 \u00b0 \u0421 la + 90 \u00b0 \u0421- timpul de uscare complet\u0103: aprox. 1 zi \u00een ritm. +23 \u00b0 \u0421, depinde de grosimea stratului aplicat- Perioada de valabilitate &#8211; cel pu\u021bin 24 de luni de la data fabrica\u021biei.<\/p>","protected":false},"excerpt":{"rendered":"<p>Adeziv structural pe baz\u0103 de polimeri MS. Lipire extrem de puternic\u0103 pentru aproape toate materialele \u0219i substraturile. Dup\u0103 uscare, rezist\u0103 la sarcini mari.- transparent- f\u0103r\u0103 solven\u021bi- aderen\u021b\u0103 ridicat\u0103 \u0219i lipire puternic\u0103- pentru lucr\u0103ri externe \u0219i interne- poate fi vopsit- pentru materiale precum faian\u021b\u0103, metal, oglind\u0103, sticl\u0103, ceramic\u0103, PVC, suprafe\u021be l\u0103cuite \u0219i vopsite, multe tipuri de [&hellip;]<\/p>","protected":false},"featured_media":11654,"comment_status":"open","ping_status":"closed","template":"","meta":{"inline_featured_image":false},"product_brand":[],"product_cat":[1053],"product_tag":[],"class_list":{"0":"post-11655","1":"product","2":"type-product","3":"status-publish","4":"has-post-thumbnail","6":"product_cat-adeziv","7":"brands-pufas","8":"types-produse-auxiliare","10":"first","11":"outofstock","12":"taxable","13":"shipping-taxable","14":"purchasable","15":"product-type-simple"},"jetpack_sharing_enabled":true,"_links":{"self":[{"href":"https:\/\/tapete.md\/ru\/wp-json\/wp\/v2\/product\/11655","targetHints":{"allow":["GET"]}}],"collection":[{"href":"https:\/\/tapete.md\/ru\/wp-json\/wp\/v2\/product"}],"about":[{"href":"https:\/\/tapete.md\/ru\/wp-json\/wp\/v2\/types\/product"}],"replies":[{"embeddable":true,"href":"https:\/\/tapete.md\/ru\/wp-json\/wp\/v2\/comments?post=11655"}],"wp:featuredmedia":[{"embeddable":true,"href":"https:\/\/tapete.md\/ru\/wp-json\/wp\/v2\/media\/11654"}],"wp:attachment":[{"href":"https:\/\/tapete.md\/ru\/wp-json\/wp\/v2\/media?parent=11655"}],"wp:term":[{"taxonomy":"product_brand","embeddable":true,"href":"https:\/\/tapete.md\/ru\/wp-json\/wp\/v2\/product_brand?post=11655"},{"taxonomy":"product_cat","embeddable":true,"href":"https:\/\/tapete.md\/ru\/wp-json\/wp\/v2\/product_cat?post=11655"},{"taxonomy":"product_tag","embeddable":true,"href":"https:\/\/tapete.md\/ru\/wp-json\/wp\/v2\/product_tag?post=11655"}],"curies":[{"name":"wp","href":"https:\/\/api.w.org\/{rel}","templated":true}]}}