{"id":15261,"date":"2022-04-09T16:26:02","date_gmt":"2022-04-09T13:26:02","guid":{"rendered":"https:\/\/tapete.md\/?post_type=product&#038;p=15261"},"modified":"2025-07-24T01:01:04","modified_gmt":"2025-07-23T22:01:04","slug":"165814","status":"publish","type":"product","link":"https:\/\/tapete.md\/ru\/product-2\/165814\/","title":{"rendered":"165814"},"content":{"rendered":"<p>\u041e\u0431\u043e\u0438 \u0431\u0435\u0437 \u0441\u0442\u0440\u0443\u043a\u0442\u0443\u0440\u044b, \u0438\u0434\u0435\u0430\u043b\u044c\u043d\u043e \u043f\u043e\u0434\u0445\u043e\u0434\u044f\u0442 \u0434\u043b\u044f \u043f\u043e\u0442\u043e\u043b\u043a\u0430 \u0438 \u0441\u0442\u0435\u043d.<\/p>\n<p>\u041f\u043b\u043e\u0442\u043d\u043e\u0441\u0442\u044c 150 \u0433. \u043c2<\/p>","protected":false},"excerpt":{"rendered":"<p>Tapet fon f\u0103r\u0103 structur\u0103, ideal pentru pod si pere\u021bi. Densitate 150g\/m2<\/p>","protected":false},"featured_media":15266,"comment_status":"open","ping_status":"closed","template":"","meta":{"inline_featured_image":false},"product_brand":[],"product_cat":[470],"product_tag":[],"class_list":{"0":"post-15261","1":"product","2":"type-product","3":"status-publish","4":"has-post-thumbnail","6":"product_cat-wallton","7":"pa_culoare-alb","8":"pa_desen-modern","9":"pa_desen-uniton","10":"pa_latime-tapet-1-06m","11":"pa_lungime-tapet-25m","12":"pa_material-vlies","13":"pa_suport-baza-vlies-fibre-netesute-2","14":"pa_utilizare-living","15":"pa_utilizare-oficiu-birou","16":"pa_utilizare-dormitor","17":"pa_utilizare-antreu-hol","18":"symbols-adezivul-se-aplica-pe-pereti","19":"symbols-good-light-fastness","20":"symbols-without-pattern-selection","21":"symbols-full-removing","22":"symbols-lavabil","23":"symbols-tapet-pentru-vopsire","24":"brands-rasch-tapeten","25":"types-tapete","27":"first","28":"instock","29":"taxable","30":"shipping-taxable","31":"purchasable","32":"product-type-simple"},"jetpack_sharing_enabled":true,"_links":{"self":[{"href":"https:\/\/tapete.md\/ru\/wp-json\/wp\/v2\/product\/15261","targetHints":{"allow":["GET"]}}],"collection":[{"href":"https:\/\/tapete.md\/ru\/wp-json\/wp\/v2\/product"}],"about":[{"href":"https:\/\/tapete.md\/ru\/wp-json\/wp\/v2\/types\/product"}],"replies":[{"embeddable":true,"href":"https:\/\/tapete.md\/ru\/wp-json\/wp\/v2\/comments?post=15261"}],"wp:featuredmedia":[{"embeddable":true,"href":"https:\/\/tapete.md\/ru\/wp-json\/wp\/v2\/media\/15266"}],"wp:attachment":[{"href":"https:\/\/tapete.md\/ru\/wp-json\/wp\/v2\/media?parent=15261"}],"wp:term":[{"taxonomy":"product_brand","embeddable":true,"href":"https:\/\/tapete.md\/ru\/wp-json\/wp\/v2\/product_brand?post=15261"},{"taxonomy":"product_cat","embeddable":true,"href":"https:\/\/tapete.md\/ru\/wp-json\/wp\/v2\/product_cat?post=15261"},{"taxonomy":"product_tag","embeddable":true,"href":"https:\/\/tapete.md\/ru\/wp-json\/wp\/v2\/product_tag?post=15261"}],"curies":[{"name":"wp","href":"https:\/\/api.w.org\/{rel}","templated":true}]}}