{"id":15930,"date":"2022-07-20T16:55:08","date_gmt":"2022-07-20T13:55:08","guid":{"rendered":"https:\/\/tapete.md\/?post_type=product&#038;p=15930"},"modified":"2023-12-12T13:27:15","modified_gmt":"2023-12-12T11:27:15","slug":"145-r-500-ml-005402092-kometa-solutie-pentru-indepartarea-mucegaiului-contine-clor-500ml","status":"publish","type":"product","link":"https:\/\/tapete.md\/ru\/product-2\/145-r-500-ml-005402092-kometa-solutie-pentru-indepartarea-mucegaiului-contine-clor-500ml\/","title":{"rendered":"145-R\/500 ml &#8211; 005402092 KOMETA SOLU\u0162IE PENTRU \u00ceNDEP\u0102RTAREA MUCEGAIULUI \u2013 CON\u021aINE CLOR &#8211; 500ml"},"content":{"rendered":"<p>\u0414\u043b\u044f \u0431\u044b\u0441\u0442\u0440\u043e\u0433\u043e, \u043f\u043e\u043b\u043d\u043e\u0433\u043e \u0438 \u0432\u0438\u0434\u0438\u043c\u043e\u0433\u043e \u0443\u0434\u0430\u043b\u0435\u043d\u0438\u044f \u043f\u043b\u0435\u0441\u0435\u043d\u0438, \u0437\u0435\u043b\u0435\u043d\u044b\u0445 \u043e\u0442\u043b\u043e\u0436\u0435\u043d\u0438\u0439 \u0438 \u0432\u043e\u0434\u043e\u0440\u043e\u0441\u043b\u0435\u0439 \u0441\u043e \u0432\u0441\u0435\u0445 \u043c\u0438\u043d\u0435\u0440\u0430\u043b\u044c\u043d\u044b\u0445 \u043f\u043e\u0432\u0435\u0440\u0445\u043d\u043e\u0441\u0442\u0435\u0439 \u0432\u043d\u0443\u0442\u0440\u0438 \u043f\u043e\u043c\u0435\u0449\u0435\u043d\u0438\u0439.<\/p>\n<ul>\n<li>\u0441 \u0441\u043e\u0434\u0435\u0440\u0436\u0430\u043d\u0438\u0435\u043c \u0445\u043b\u043e\u0440\u0430<\/li>\n<li>\u043c\u0433\u043d\u043e\u0432\u0435\u043d\u043d\u043e\u0435 \u0434\u0435\u0439\u0441\u0442\u0432\u0438\u0435<\/li>\n<li>\u0431\u0435\u0437 \u0432\u044b\u0431\u0440\u043e\u0441\u0430 \u0433\u0430\u0437\u0430<\/li>\n<li>\u0432\u0440\u0435\u043c\u044f \u044d\u043a\u0441\u043f\u043e\u0437\u0438\u0446\u0438\u0438 \u043d\u0430 \u0441\u0438\u043b\u044c\u043d\u043e \u043e\u0442\u043b\u0438\u0442\u044b\u0445 \u043f\u043e\u0432\u0435\u0440\u0445\u043d\u043e\u0441\u0442\u044f\u0445 10 \u043c\u0438\u043d\u0443\u0442<\/li>\n<li>\u0440\u0430\u0441\u0445\u043e\u0434: \u043e\u0442 50 \u0434\u043e 100 \u043c\u043b\/\u043c\u00b2<\/li>\n<li>\u0441\u0440\u043e\u043a \u0433\u043e\u0434\u043d\u043e\u0441\u0442\u0438 \u043d\u0435 \u043c\u0435\u043d\u0435\u0435 5 \u043b\u0435\u0442 \u0441 \u0434\u0430\u0442\u044b \u0438\u0437\u0433\u043e\u0442\u043e\u0432\u043b\u0435\u043d\u0438\u044f<\/li>\n<li>\u041f\u043e\u0441\u043c\u043e\u0442\u0440\u0438\u0442\u0435, \u043a\u0430\u043a \u0432\u044b \u043c\u043e\u0436\u0435\u0442\u0435 \u0438\u0441\u043f\u043e\u043b\u044c\u0437\u043e\u0432\u0430\u0442\u044c \u0435\u0433\u043e \u0437\u0434\u0435\u0441\u044c &gt;&gt;&gt; <a rel=\"nofollow noopener\" href=\"https:\/\/www.youtube.com\/watch?v=sGrCDvSzc3c\" target=\"_blank\">https:\/\/www.youtube.com\/watch?v=sGrCDvSzc3c<\/a><\/li>\n<\/ul>","protected":false},"excerpt":{"rendered":"<p>Pentru \u00eendep\u0103rtarea rapid\u0103, complet\u0103 \u0219i vizibil\u0103 a mucegaiului, a solzilor verzi \u0219i a algelor de pe toate substraturile minerale de interior. cu continut de clor ac\u021biune instantanee f\u0103r\u0103 gaz expulsant timpul de expunere pe suprafete puternic turnate aprox. 10 minute consum: 50 p\u00e2n\u0103 la 100 ml\/m\u00b2 termen de valabilitate de cel pu\u021bin 5 ani de [&hellip;]<\/p>","protected":false},"featured_media":15932,"comment_status":"open","ping_status":"closed","template":"","meta":{"inline_featured_image":false},"product_brand":[],"product_cat":[881,1035],"product_tag":[1036],"class_list":{"0":"post-15930","1":"product","2":"type-product","3":"status-publish","4":"has-post-thumbnail","6":"product_cat-glutoclean","7":"product_cat-solutii-pentru-curatare-si-ingrijire","8":"product_tag-mucegai-pufas","9":"brands-pufas","10":"types-produse-auxiliare","12":"first","13":"instock","14":"featured","15":"taxable","16":"shipping-taxable","17":"purchasable","18":"product-type-simple"},"jetpack_sharing_enabled":true,"_links":{"self":[{"href":"https:\/\/tapete.md\/ru\/wp-json\/wp\/v2\/product\/15930","targetHints":{"allow":["GET"]}}],"collection":[{"href":"https:\/\/tapete.md\/ru\/wp-json\/wp\/v2\/product"}],"about":[{"href":"https:\/\/tapete.md\/ru\/wp-json\/wp\/v2\/types\/product"}],"replies":[{"embeddable":true,"href":"https:\/\/tapete.md\/ru\/wp-json\/wp\/v2\/comments?post=15930"}],"wp:featuredmedia":[{"embeddable":true,"href":"https:\/\/tapete.md\/ru\/wp-json\/wp\/v2\/media\/15932"}],"wp:attachment":[{"href":"https:\/\/tapete.md\/ru\/wp-json\/wp\/v2\/media?parent=15930"}],"wp:term":[{"taxonomy":"product_brand","embeddable":true,"href":"https:\/\/tapete.md\/ru\/wp-json\/wp\/v2\/product_brand?post=15930"},{"taxonomy":"product_cat","embeddable":true,"href":"https:\/\/tapete.md\/ru\/wp-json\/wp\/v2\/product_cat?post=15930"},{"taxonomy":"product_tag","embeddable":true,"href":"https:\/\/tapete.md\/ru\/wp-json\/wp\/v2\/product_tag?post=15930"}],"curies":[{"name":"wp","href":"https:\/\/api.w.org\/{rel}","templated":true}]}}