{"id":21564,"date":"2023-09-26T23:18:54","date_gmt":"2023-09-26T20:18:54","guid":{"rendered":"https:\/\/tapete.md\/?post_type=product&#038;p=21564"},"modified":"2025-11-03T12:08:38","modified_gmt":"2025-11-03T10:08:38","slug":"805502-spatula-universala-pentru-tapet-plastic-dur-cu-fanta-24-x-12-cm","status":"publish","type":"product","link":"https:\/\/tapete.md\/ru\/product-2\/805502-spatula-universala-pentru-tapet-plastic-dur-cu-fanta-24-x-12-cm\/","title":{"rendered":"805502 \u041e\u0431\u043e\u0439\u043d\u044b\u0439 \u0448\u043f\u0430\u0442\u0435\u043b\u044c \u0443\u043d\u0438\u0432\u0435\u0440\u0441\u0430\u043b\u044c\u043d\u044b\u0439, \u0436\u0451\u0441\u0442\u043a\u0438\u0439 \u043f\u043b\u0430\u0441\u0442\u0438\u043a, \u0441 \u043f\u0440\u043e\u0440\u0435\u0437\u043e\u043c, 24 x 12 \u0441\u043c"},"content":{"rendered":"<ul>\n<li>\u041e\u0431\u043e\u0439\u043d\u044b\u0439 \u0448\u043f\u0430\u0442\u0435\u043b\u044c \u0443\u043d\u0438\u0432\u0435\u0440\u0441\u0430\u043b\u044c\u043d\u044b\u0439<\/li>\n<li>\u0436\u0451\u0441\u0442\u043a\u0438\u0439 \u043f\u043b\u0430\u0441\u0442\u0438\u043a, \u0441 \u043f\u0440\u043e\u0440\u0435\u0437\u043e\u043c<\/li>\n<li>\u0440\u0430\u0437\u043c\u0435\u0440 24 x 12 \u0441\u043c<\/li>\n<li>\u0421\u0434\u0435\u043b\u0430\u043d\u043e \u0432 \u0413\u0435\u0440\u043c\u0430\u043d\u0438\u0438<\/li>\n<\/ul>","protected":false},"excerpt":{"rendered":"<p>Spatul\u0103 universal\u0103 pentru tapet plastic dur, cu fant\u0103 m\u0103rimea 24 x 12 cm Fabricat \u00een Germania<\/p>","protected":false},"featured_media":21565,"comment_status":"open","ping_status":"closed","template":"","meta":{"inline_featured_image":false},"product_brand":[],"product_cat":[1105],"product_tag":[1106],"class_list":{"0":"post-21564","1":"product","2":"type-product","3":"status-publish","4":"has-post-thumbnail","6":"product_cat-instrumente-si-accesorii","7":"product_tag-mako-spatula","8":"brands-mako","9":"types-produse-auxiliare","11":"first","12":"instock","13":"taxable","14":"shipping-taxable","15":"purchasable","16":"product-type-simple"},"jetpack_sharing_enabled":true,"_links":{"self":[{"href":"https:\/\/tapete.md\/ru\/wp-json\/wp\/v2\/product\/21564","targetHints":{"allow":["GET"]}}],"collection":[{"href":"https:\/\/tapete.md\/ru\/wp-json\/wp\/v2\/product"}],"about":[{"href":"https:\/\/tapete.md\/ru\/wp-json\/wp\/v2\/types\/product"}],"replies":[{"embeddable":true,"href":"https:\/\/tapete.md\/ru\/wp-json\/wp\/v2\/comments?post=21564"}],"wp:featuredmedia":[{"embeddable":true,"href":"https:\/\/tapete.md\/ru\/wp-json\/wp\/v2\/media\/21565"}],"wp:attachment":[{"href":"https:\/\/tapete.md\/ru\/wp-json\/wp\/v2\/media?parent=21564"}],"wp:term":[{"taxonomy":"product_brand","embeddable":true,"href":"https:\/\/tapete.md\/ru\/wp-json\/wp\/v2\/product_brand?post=21564"},{"taxonomy":"product_cat","embeddable":true,"href":"https:\/\/tapete.md\/ru\/wp-json\/wp\/v2\/product_cat?post=21564"},{"taxonomy":"product_tag","embeddable":true,"href":"https:\/\/tapete.md\/ru\/wp-json\/wp\/v2\/product_tag?post=21564"}],"curies":[{"name":"wp","href":"https:\/\/api.w.org\/{rel}","templated":true}]}}