{"id":21570,"date":"2023-09-27T00:07:29","date_gmt":"2023-09-26T21:07:29","guid":{"rendered":"https:\/\/tapete.md\/?post_type=product&#038;p=21570"},"modified":"2023-10-23T14:48:20","modified_gmt":"2023-10-23T11:48:20","slug":"set811502-set-cutite-2-buc-wow-basic1-%d1%85-cutit-universal-9-mm-1-%d1%85-cutit-universal-18-mm","status":"publish","type":"product","link":"https:\/\/tapete.md\/ru\/product-2\/set811502-set-cutite-2-buc-wow-basic1-%d1%85-cutit-universal-9-mm-1-%d1%85-cutit-universal-18-mm\/","title":{"rendered":"SET811502 \u041d\u0430\u0431\u043e\u0440 \u043d\u043e\u0436\u0435\u0439, 2 \u0448\u0442. WOW BASIC;1 \u0445 \u043d\u043e\u0436 \u0443\u043d\u0438\u0432\u0435\u0440\u0441\u0430\u043b\u044c\u043d\u044b\u0439 9 \u043c\u043c;1 \u0445 \u043d\u043e\u0436 \u0443\u043d\u0438\u0432\u0435\u0440\u0441\u0430\u043b\u044c\u043d\u044b\u0439 18 \u043c\u043c"},"content":{"rendered":"<ul>\n<li>\u041d\u0430\u0431\u043e\u0440 \u043d\u043e\u0436\u0435\u0439, 2 \u0448\u0442. WOW BASIC;1 \u0445 \u043d\u043e\u0436 \u0443\u043d\u0438\u0432\u0435\u0440\u0441\u0430\u043b\u044c\u043d\u044b\u0439 9 \u043c\u043c;1 \u0445 \u043d\u043e\u0436 \u0443\u043d\u0438\u0432\u0435\u0440\u0441\u0430\u043b\u044c\u043d\u044b\u0439 18 \u043c\u043c<\/li>\n<li>\u043e\u0442\u043b\u0430\u043c\u044b\u0432\u0430\u044e\u0449\u0438\u0435\u0441\u044f \u043b\u0435\u0437\u0432\u0438\u044f \u0438\u0437 \u0432\u044b\u0441\u043e\u043a\u043e\u043a\u0430\u0447\u0435\u0441\u0442\u0432\u0435\u043d\u043d\u043e\u0439 \u0441\u0442\u0430\u043b\u0438<\/li>\n<li>\u0436\u0451\u0441\u0442\u043a\u0438\u0439 \u043f\u043b\u0430\u0441\u0442\u043c\u0430\u0441\u043e\u0432\u044b\u0439 \u043a\u043e\u0440\u043f\u0443\u0441<\/li>\n<li>\u0421\u0434\u0435\u043b\u0430\u043d\u043e \u0432 \u041a\u0438\u0442\u0430\u0435<\/li>\n<\/ul>","protected":false},"excerpt":{"rendered":"<p>Set cu\u021bite, 2 buc. WOW BASIC;1 \u0445 Cu\u021bit universal 9 mm, 1 \u0445 Cu\u021bit universal 18 mm lame snap-off din o\u021bel de \u00eenalt\u0103 calitate corp din plastic dur Fabricat \u00een China<\/p>","protected":false},"featured_media":21571,"comment_status":"open","ping_status":"closed","template":"","meta":{"inline_featured_image":false},"product_brand":[],"product_cat":[1105],"product_tag":[1106],"class_list":{"0":"post-21570","1":"product","2":"type-product","3":"status-publish","4":"has-post-thumbnail","6":"product_cat-instrumente-si-accesorii","7":"product_tag-mako-spatula","8":"brands-mako","9":"types-produse-auxiliare","11":"first","12":"instock","13":"taxable","14":"shipping-taxable","15":"purchasable","16":"product-type-simple"},"jetpack_sharing_enabled":true,"_links":{"self":[{"href":"https:\/\/tapete.md\/ru\/wp-json\/wp\/v2\/product\/21570","targetHints":{"allow":["GET"]}}],"collection":[{"href":"https:\/\/tapete.md\/ru\/wp-json\/wp\/v2\/product"}],"about":[{"href":"https:\/\/tapete.md\/ru\/wp-json\/wp\/v2\/types\/product"}],"replies":[{"embeddable":true,"href":"https:\/\/tapete.md\/ru\/wp-json\/wp\/v2\/comments?post=21570"}],"wp:featuredmedia":[{"embeddable":true,"href":"https:\/\/tapete.md\/ru\/wp-json\/wp\/v2\/media\/21571"}],"wp:attachment":[{"href":"https:\/\/tapete.md\/ru\/wp-json\/wp\/v2\/media?parent=21570"}],"wp:term":[{"taxonomy":"product_brand","embeddable":true,"href":"https:\/\/tapete.md\/ru\/wp-json\/wp\/v2\/product_brand?post=21570"},{"taxonomy":"product_cat","embeddable":true,"href":"https:\/\/tapete.md\/ru\/wp-json\/wp\/v2\/product_cat?post=21570"},{"taxonomy":"product_tag","embeddable":true,"href":"https:\/\/tapete.md\/ru\/wp-json\/wp\/v2\/product_tag?post=21570"}],"curies":[{"name":"wp","href":"https:\/\/api.w.org\/{rel}","templated":true}]}}