{"id":21963,"date":"2023-10-23T18:23:02","date_gmt":"2023-10-23T15:23:02","guid":{"rendered":"https:\/\/tapete.md\/?post_type=product&#038;p=21963"},"modified":"2023-11-18T14:23:17","modified_gmt":"2023-11-18T12:23:17","slug":"818101-pistol-pentru-silicon-etansant","status":"publish","type":"product","link":"https:\/\/tapete.md\/ru\/product-2\/818101-pistol-pentru-silicon-etansant\/","title":{"rendered":"818101 Pistol pentru silicon, etan\u0219ant"},"content":{"rendered":"<ul>\n<li>\u043f\u0440\u043e\u0447\u043d\u0430\u044f \u043c\u0435\u0442\u0430\u043b\u043b\u0438\u0447\u0435\u0441\u043a\u0430\u044f \u043a\u043e\u043d\u0441\u0442\u0440\u0443\u043a\u0446\u0438\u044f<\/li>\n<li>\u0437\u0443\u0431\u0447\u0430\u0442\u044b\u0439, \u043e\u0446\u0438\u043d\u043a\u043e\u0432\u0430\u043d\u043d\u044b\u0439<\/li>\n<li>\u0434\u043b\u044f \u043a\u0430\u0440\u0442\u0440\u0438\u0434\u0436\u0435\u0439 \u0434\u043e 320 \u043c\u043b<\/li>\n<li>\u0421\u0434\u0435\u043b\u0430\u043d\u043e \u0432 \u041a\u0438\u0442\u0430\u0435<\/li>\n<\/ul>","protected":false},"excerpt":{"rendered":"<p>construc\u021bie metalic\u0103 durabil\u0103 zim\u021bat, galvanizat pentru cartu\u0219e de p\u00e2n\u0103 la 320 ml Fabricat \u00een China<\/p>","protected":false},"featured_media":21964,"comment_status":"open","ping_status":"closed","template":"","meta":{"inline_featured_image":false},"product_brand":[],"product_cat":[1105],"product_tag":[1106],"class_list":{"0":"post-21963","1":"product","2":"type-product","3":"status-publish","4":"has-post-thumbnail","6":"product_cat-instrumente-si-accesorii","7":"product_tag-mako-spatula","8":"brands-mako","9":"types-produse-auxiliare","11":"first","12":"instock","13":"taxable","14":"shipping-taxable","15":"purchasable","16":"product-type-simple"},"jetpack_sharing_enabled":true,"_links":{"self":[{"href":"https:\/\/tapete.md\/ru\/wp-json\/wp\/v2\/product\/21963","targetHints":{"allow":["GET"]}}],"collection":[{"href":"https:\/\/tapete.md\/ru\/wp-json\/wp\/v2\/product"}],"about":[{"href":"https:\/\/tapete.md\/ru\/wp-json\/wp\/v2\/types\/product"}],"replies":[{"embeddable":true,"href":"https:\/\/tapete.md\/ru\/wp-json\/wp\/v2\/comments?post=21963"}],"wp:featuredmedia":[{"embeddable":true,"href":"https:\/\/tapete.md\/ru\/wp-json\/wp\/v2\/media\/21964"}],"wp:attachment":[{"href":"https:\/\/tapete.md\/ru\/wp-json\/wp\/v2\/media?parent=21963"}],"wp:term":[{"taxonomy":"product_brand","embeddable":true,"href":"https:\/\/tapete.md\/ru\/wp-json\/wp\/v2\/product_brand?post=21963"},{"taxonomy":"product_cat","embeddable":true,"href":"https:\/\/tapete.md\/ru\/wp-json\/wp\/v2\/product_cat?post=21963"},{"taxonomy":"product_tag","embeddable":true,"href":"https:\/\/tapete.md\/ru\/wp-json\/wp\/v2\/product_tag?post=21963"}],"curies":[{"name":"wp","href":"https:\/\/api.w.org\/{rel}","templated":true}]}}